{"id":1097,"date":"2020-08-31T13:42:43","date_gmt":"2020-08-31T11:42:43","guid":{"rendered":"https:\/\/kunzesource.wpengine.com\/?page_id=1097"},"modified":"2023-06-01T16:12:38","modified_gmt":"2023-06-01T14:12:38","slug":"allgemeine-geschaftsbedingungen","status":"publish","type":"page","link":"https:\/\/flamarksuper.de\/en\/allgemeine-geschaftsbedingungen\/","title":{"rendered":"General terms and conditions"},"content":{"rendered":"<div data-elementor-type=\"wp-page\" data-elementor-id=\"1097\" class=\"elementor elementor-1097\">\n\t\t\t\t\t\t<div class=\"elementor-inner\">\n\t\t\t\t<div class=\"elementor-section-wrap\">\n\t\t\t\t\t\t\t\t\t<section class=\"elementor-section elementor-top-section elementor-element elementor-element-844bba6 elementor-section-boxed elementor-section-height-default elementor-section-height-default\" data-id=\"844bba6\" data-element_type=\"section\">\n\t\t\t\t\t\t<div class=\"elementor-container elementor-column-gap-default\">\n\t\t\t\t\t\t\t<div class=\"elementor-row\">\n\t\t\t\t\t<div class=\"elementor-column elementor-col-100 elementor-top-column elementor-element elementor-element-0442b09\" data-id=\"0442b09\" data-element_type=\"column\">\n\t\t\t<div class=\"elementor-column-wrap elementor-element-populated\">\n\t\t\t\t\t\t\t<div class=\"elementor-widget-wrap\">\n\t\t\t\t\t\t<div class=\"elementor-element elementor-element-ddf9368 elementor-widget elementor-widget-text-editor\" data-id=\"ddf9368\" data-element_type=\"widget\" data-widget_type=\"text-editor.default\">\n\t\t\t\t<div class=\"elementor-widget-container\">\n\t\t\t\t\t\t\t\t<div class=\"elementor-text-editor elementor-clearfix\">\n\t\t\t\t<p>1. Geltungsbereich<\/p><p>Ihrer elektronischen Bestellung bei Flamark Super Distribution liegen diese allgemeinen Gesch\u00e4ftsbedingungen zugrunde.<\/p><p>2. Vertragspartner<\/p><p>Der Kaufvertrag kommt zustande mit:<\/p><p>Flamark Super Distribution<\/p><p><span>Gneisenauweg 18<br \/>24944 Flensburg<\/span><\/p><p>3. Angebot und Vertragsschluss<\/p><p>3.1 Die Darstellung der Produkte im Online-Shop stellt kein rechtlich bindendes Angebot, sondern eine Aufforderung zur Abgabe einer Bestellung dar.<\/p><p>3.2 Durch Anklicken des Buttons &#8222;Jetzt zahlungspflichtig bestellen&#8220; geben Sie eine verbindliche Willenserkl\u00e4rung zur Bestellung der auf der Bestellseite aufgelisteten Waren ab. Der Kaufvertrag kommt zustande, indem wir Ihre Bestellung unmittelbar nach deren Abschluss durch eine Best\u00e4tigungsmail an die von Ihnen angegebene E-Mail-Adresse best\u00e4tigen. Diese Best\u00e4tigungsmail enth\u00e4lt alle Daten der Bestellung inklusive der vorliegenden allgemeinen Gesch\u00e4ftsbedingungen.<\/p><p>3.3. Die Warenbestellung mit Vertragsbedingungen wird bis zu deren Abwicklung von uns gespeichert. Ihnen liegen diese Daten in Form der gem\u00e4\u00df Ziffer 3.2. gesandten E-Mail nach Vertragsschluss vor. Dar\u00fcber hinaus haben Sie die M\u00f6glichkeit, den Vertragstext bei der Bestellung zu speichern bzw. ausdrucken.<\/p><p>3.4. Der Vertragsschluss erfolgt in deutscher Sprache.<\/p><p>4. R\u00fccksendekosten<\/p><p>\u00dcben Sie Ihr gesetzliches Widerrufsrecht (Ziffer 5.) aus, haben Sie die Kosten der R\u00fccksendung zu tragen, wenn die gelieferte Ware der bestellten entspricht und wenn der Preis der zur\u00fcckzusendenden Sache einen Betrag von 5 Euro nicht \u00fcbersteigt oder wenn Sie bei einem h\u00f6heren Preis der Sache zum Zeitpunkt des Widerrufs noch nicht die Gegenleistung oder eine vertraglich vereinbarte Teilzahlung erbracht haben.<\/p><p>5. Widerrufsrecht<\/p><p>Verbraucher (\u00a7 13 BGB) haben ein gesetzliches Widerrufsrecht.<\/p><p>6. Liefergebiet und Kundenkreis<\/p><p>Bestellungen und Lieferungen sind weltweit m\u00f6glich. Bei Bestellwunsch oder Lieferwunsch au\u00dferhalb dieser Gebiete helfen wir Ihnen gern weiter.<\/p><p>7. Preise und Versandkosten<\/p><p>7.1 Die auf den Produktseiten genannten Preise enthalten die gesetzliche Umsatzsteuer und sonstigen Preisbestandteile.<\/p><p>7.2 Zus\u00e4tzlich zu den angegebenen Preisen berechnen wir f\u00fcr die Lieferung Versandkosten. Die Versandkosten betragen 0 Euro, es sei denn es handelt sich um eine gesch\u00e4ftlichen Ankauf, in welchem Fall Versandkosten individuell mit Flamark Super Distribution ausgehandelt werden m\u00fcssen. Die Versandkosten werden Ihnen auf den Produktseiten, im Warenkorbsystem und auf der Bestellseite nochmals deutlich mitgeteilt.<\/p><p>8. Zahlung und Auslieferung<\/p><p>Der Kaufpreis ist im Voraus zu zahlen und ist mit Ihrer Bestellung f\u00e4llig. Die Ware wird erst versandt, wenn der Kaufpreis auf unserem Konto eingezahlt worden ist oder uns eine entsprechende Zahlungsgarantie Ihrer Bank vorliegt. Die Zahlung kann auf folgenden Wegen erfolgen Kreditkarte, SOFORT, PayPal.<\/p><p>9. Eigentumsvorbehalt<\/p><p>Bis zur vollst\u00e4ndigen Zahlung bleibt die Ware unser Eigentum.<\/p><p>AGB-Fassung 17-11-2022<\/p>\t\t\t\t\t<\/div>\n\t\t\t\t\t\t<\/div>\n\t\t\t\t<\/div>\n\t\t\t\t\t\t<\/div>\n\t\t\t\t\t<\/div>\n\t\t<\/div>\n\t\t\t\t\t\t\t\t<\/div>\n\t\t\t\t\t<\/div>\n\t\t<\/section>\n\t\t\t\t\t\t\t\t\t<\/div>\n\t\t\t<\/div>\n\t\t\t\t\t<\/div>","protected":false},"excerpt":{"rendered":"<p>1. Geltungsbereich Ihrer elektronischen Bestellung bei Flamark Super Distribution liegen diese allgemeinen Gesch\u00e4ftsbedingungen zugrunde. 2. Vertragspartner Der Kaufvertrag kommt zustande mit: Flamark Super Distribution Gneisenauweg 18 24944 Flensburg 3. Angebot und Vertragsschluss 3.1 Die Darstellung der Produkte im Online-Shop stellt kein rechtlich bindendes Angebot, sondern eine Aufforderung zur Abgabe einer Bestellung dar. 3.2 Durch Anklicken [&hellip;]<\/p>","protected":false},"author":3,"featured_media":0,"parent":0,"menu_order":0,"comment_status":"closed","ping_status":"closed","template":"","meta":{"footnotes":""},"class_list":["post-1097","page","type-page","status-publish","hentry"],"yoast_head":"<!-- This site is optimized with the Yoast SEO plugin v24.0 - https:\/\/yoast.com\/wordpress\/plugins\/seo\/ -->\n<title>AGB I Flamark Super Distribution<\/title>\n<meta name=\"description\" content=\"Hier finden Sie unsere allgemeinen Gesch\u00e4ftsbedingungen.\" \/>\n<meta name=\"robots\" content=\"index, follow, max-snippet:-1, max-image-preview:large, max-video-preview:-1\" \/>\n<link rel=\"canonical\" href=\"https:\/\/flamarksuper.de\/en\/allgemeine-geschaftsbedingungen\/\" \/>\n<meta property=\"og:locale\" content=\"en_GB\" \/>\n<meta property=\"og:type\" content=\"article\" \/>\n<meta property=\"og:title\" content=\"AGB I Flamark Super Distribution\" \/>\n<meta property=\"og:description\" content=\"Hier finden Sie unsere allgemeinen Gesch\u00e4ftsbedingungen.\" \/>\n<meta property=\"og:url\" content=\"https:\/\/flamarksuper.de\/en\/allgemeine-geschaftsbedingungen\/\" \/>\n<meta property=\"og:site_name\" content=\"Flamark Super Distribution Andi Kaltovich (Shop)\" \/>\n<meta property=\"article:modified_time\" content=\"2023-06-01T14:12:38+00:00\" \/>\n<meta name=\"twitter:card\" content=\"summary_large_image\" \/>\n<meta name=\"twitter:label1\" content=\"Est. reading time\" \/>\n\t<meta name=\"twitter:data1\" content=\"3 minutes\" \/>\n<script type=\"application\/ld+json\" class=\"yoast-schema-graph\">{\"@context\":\"https:\/\/schema.org\",\"@graph\":[{\"@type\":\"WebPage\",\"@id\":\"https:\/\/flamarksuper.de\/allgemeine-geschaftsbedingungen\/\",\"url\":\"https:\/\/flamarksuper.de\/allgemeine-geschaftsbedingungen\/\",\"name\":\"AGB I Flamark Super Distribution\",\"isPartOf\":{\"@id\":\"https:\/\/flamarksuper.de\/ru\/#website\"},\"datePublished\":\"2020-08-31T11:42:43+00:00\",\"dateModified\":\"2023-06-01T14:12:38+00:00\",\"description\":\"Hier finden Sie unsere allgemeinen Gesch\u00e4ftsbedingungen.\",\"breadcrumb\":{\"@id\":\"https:\/\/flamarksuper.de\/allgemeine-geschaftsbedingungen\/#breadcrumb\"},\"inLanguage\":\"en-GB\",\"potentialAction\":[{\"@type\":\"ReadAction\",\"target\":[\"https:\/\/flamarksuper.de\/allgemeine-geschaftsbedingungen\/\"]}]},{\"@type\":\"BreadcrumbList\",\"@id\":\"https:\/\/flamarksuper.de\/allgemeine-geschaftsbedingungen\/#breadcrumb\",\"itemListElement\":[{\"@type\":\"ListItem\",\"position\":1,\"name\":\"Startseite\",\"item\":\"https:\/\/flamarksuper.de\/\"},{\"@type\":\"ListItem\",\"position\":2,\"name\":\"Allgemeine Gesch\u00e4ftsbedingungen\"}]},{\"@type\":\"WebSite\",\"@id\":\"https:\/\/flamarksuper.de\/ru\/#website\",\"url\":\"https:\/\/flamarksuper.de\/ru\/\",\"name\":\"Flamark Super Distribution Andi Kaltovich (Shop)\",\"description\":\"\",\"publisher\":{\"@id\":\"https:\/\/flamarksuper.de\/ru\/#organization\"},\"potentialAction\":[{\"@type\":\"SearchAction\",\"target\":{\"@type\":\"EntryPoint\",\"urlTemplate\":\"https:\/\/flamarksuper.de\/ru\/?s={search_term_string}\"},\"query-input\":{\"@type\":\"PropertyValueSpecification\",\"valueRequired\":true,\"valueName\":\"search_term_string\"}}],\"inLanguage\":\"en-GB\"},{\"@type\":\"Organization\",\"@id\":\"https:\/\/flamarksuper.de\/ru\/#organization\",\"name\":\"Flamark Super Distribution Andi Kaltovich (Shop)\",\"url\":\"https:\/\/flamarksuper.de\/ru\/\",\"logo\":{\"@type\":\"ImageObject\",\"inLanguage\":\"en-GB\",\"@id\":\"https:\/\/flamarksuper.de\/ru\/#\/schema\/logo\/image\/\",\"url\":\"https:\/\/flamarksuper.de\/wp-content\/uploads\/2022\/03\/Flamark-Super-Logo.png\",\"contentUrl\":\"https:\/\/flamarksuper.de\/wp-content\/uploads\/2022\/03\/Flamark-Super-Logo.png\",\"width\":500,\"height\":49,\"caption\":\"Flamark Super Distribution Andi Kaltovich (Shop)\"},\"image\":{\"@id\":\"https:\/\/flamarksuper.de\/ru\/#\/schema\/logo\/image\/\"}}]}<\/script>\n<!-- \/ Yoast SEO plugin. -->","yoast_head_json":{"title":"AGB I Flamark Super Distribution","description":"Hier finden Sie unsere allgemeinen Gesch\u00e4ftsbedingungen.","robots":{"index":"index","follow":"follow","max-snippet":"max-snippet:-1","max-image-preview":"max-image-preview:large","max-video-preview":"max-video-preview:-1"},"canonical":"https:\/\/flamarksuper.de\/en\/allgemeine-geschaftsbedingungen\/","og_locale":"en_GB","og_type":"article","og_title":"AGB I Flamark Super Distribution","og_description":"Hier finden Sie unsere allgemeinen Gesch\u00e4ftsbedingungen.","og_url":"https:\/\/flamarksuper.de\/en\/allgemeine-geschaftsbedingungen\/","og_site_name":"Flamark Super Distribution Andi Kaltovich (Shop)","article_modified_time":"2023-06-01T14:12:38+00:00","twitter_card":"summary_large_image","twitter_misc":{"Est. reading time":"3 minutes"},"schema":{"@context":"https:\/\/schema.org","@graph":[{"@type":"WebPage","@id":"https:\/\/flamarksuper.de\/allgemeine-geschaftsbedingungen\/","url":"https:\/\/flamarksuper.de\/allgemeine-geschaftsbedingungen\/","name":"AGB I Flamark Super Distribution","isPartOf":{"@id":"https:\/\/flamarksuper.de\/ru\/#website"},"datePublished":"2020-08-31T11:42:43+00:00","dateModified":"2023-06-01T14:12:38+00:00","description":"Hier finden Sie unsere allgemeinen Gesch\u00e4ftsbedingungen.","breadcrumb":{"@id":"https:\/\/flamarksuper.de\/allgemeine-geschaftsbedingungen\/#breadcrumb"},"inLanguage":"en-GB","potentialAction":[{"@type":"ReadAction","target":["https:\/\/flamarksuper.de\/allgemeine-geschaftsbedingungen\/"]}]},{"@type":"BreadcrumbList","@id":"https:\/\/flamarksuper.de\/allgemeine-geschaftsbedingungen\/#breadcrumb","itemListElement":[{"@type":"ListItem","position":1,"name":"Startseite","item":"https:\/\/flamarksuper.de\/"},{"@type":"ListItem","position":2,"name":"Allgemeine Gesch\u00e4ftsbedingungen"}]},{"@type":"WebSite","@id":"https:\/\/flamarksuper.de\/ru\/#website","url":"https:\/\/flamarksuper.de\/ru\/","name":"Flamark Super Distribution Andi Kaltovich (Shop)","description":"","publisher":{"@id":"https:\/\/flamarksuper.de\/ru\/#organization"},"potentialAction":[{"@type":"SearchAction","target":{"@type":"EntryPoint","urlTemplate":"https:\/\/flamarksuper.de\/ru\/?s={search_term_string}"},"query-input":{"@type":"PropertyValueSpecification","valueRequired":true,"valueName":"search_term_string"}}],"inLanguage":"en-GB"},{"@type":"Organization","@id":"https:\/\/flamarksuper.de\/ru\/#organization","name":"Flamark Super Distribution Andi Kaltovich (Shop)","url":"https:\/\/flamarksuper.de\/ru\/","logo":{"@type":"ImageObject","inLanguage":"en-GB","@id":"https:\/\/flamarksuper.de\/ru\/#\/schema\/logo\/image\/","url":"https:\/\/flamarksuper.de\/wp-content\/uploads\/2022\/03\/Flamark-Super-Logo.png","contentUrl":"https:\/\/flamarksuper.de\/wp-content\/uploads\/2022\/03\/Flamark-Super-Logo.png","width":500,"height":49,"caption":"Flamark Super Distribution Andi Kaltovich (Shop)"},"image":{"@id":"https:\/\/flamarksuper.de\/ru\/#\/schema\/logo\/image\/"}}]}},"_links":{"self":[{"href":"https:\/\/flamarksuper.de\/en\/wp-json\/wp\/v2\/pages\/1097","targetHints":{"allow":["GET"]}}],"collection":[{"href":"https:\/\/flamarksuper.de\/en\/wp-json\/wp\/v2\/pages"}],"about":[{"href":"https:\/\/flamarksuper.de\/en\/wp-json\/wp\/v2\/types\/page"}],"author":[{"embeddable":true,"href":"https:\/\/flamarksuper.de\/en\/wp-json\/wp\/v2\/users\/3"}],"replies":[{"embeddable":true,"href":"https:\/\/flamarksuper.de\/en\/wp-json\/wp\/v2\/comments?post=1097"}],"version-history":[{"count":0,"href":"https:\/\/flamarksuper.de\/en\/wp-json\/wp\/v2\/pages\/1097\/revisions"}],"wp:attachment":[{"href":"https:\/\/flamarksuper.de\/en\/wp-json\/wp\/v2\/media?parent=1097"}],"curies":[{"name":"wp","href":"https:\/\/api.w.org\/{rel}","templated":true}]}}