{"id":157,"date":"2019-04-23T13:49:38","date_gmt":"2019-04-23T11:49:38","guid":{"rendered":"https:\/\/kunzesource.wpengine.com\/?page_id=157"},"modified":"2023-05-30T16:56:48","modified_gmt":"2023-05-30T14:56:48","slug":"blog","status":"publish","type":"page","link":"https:\/\/flamarksuper.de\/en\/blog\/","title":{"rendered":"Blog"},"content":{"rendered":"<div data-elementor-type=\"wp-page\" data-elementor-id=\"157\" class=\"elementor elementor-157\">\n\t\t\t\t\t\t<div class=\"elementor-inner\">\n\t\t\t\t<div class=\"elementor-section-wrap\">\n\t\t\t\t\t\t\t\t\t<section class=\"elementor-section elementor-top-section elementor-element elementor-element-aebaa4a elementor-section-height-min-height elementor-section-boxed elementor-section-height-default elementor-section-items-middle\" data-id=\"aebaa4a\" data-element_type=\"section\" data-settings=\"{&quot;background_background&quot;:&quot;classic&quot;,&quot;shape_divider_bottom&quot;:&quot;mountains&quot;}\">\n\t\t\t\t\t\t\t<div class=\"elementor-background-overlay\"><\/div>\n\t\t\t\t\t\t<div class=\"elementor-shape elementor-shape-bottom\" data-negative=\"false\">\n\t\t\t<svg xmlns=\"http:\/\/www.w3.org\/2000\/svg\" viewbox=\"0 0 1000 100\" preserveaspectratio=\"none\">\n\t<path class=\"elementor-shape-fill\" opacity=\"0.33\" d=\"M473,67.3c-203.9,88.3-263.1-34-320.3,0C66,119.1,0,59.7,0,59.7V0h1000v59.7 c0,0-62.1,26.1-94.9,29.3c-32.8,3.3-62.8-12.3-75.8-22.1C806,49.6,745.3,8.7,694.9,4.7S492.4,59,473,67.3z\"\/>\n\t<path class=\"elementor-shape-fill\" opacity=\"0.66\" d=\"M734,67.3c-45.5,0-77.2-23.2-129.1-39.1c-28.6-8.7-150.3-10.1-254,39.1 s-91.7-34.4-149.2,0C115.7,118.3,0,39.8,0,39.8V0h1000v36.5c0,0-28.2-18.5-92.1-18.5C810.2,18.1,775.7,67.3,734,67.3z\"\/>\n\t<path class=\"elementor-shape-fill\" d=\"M766.1,28.9c-200-57.5-266,65.5-395.1,19.5C242,1.8,242,5.4,184.8,20.6C128,35.8,132.3,44.9,89.9,52.5C28.6,63.7,0,0,0,0 h1000c0,0-9.9,40.9-83.6,48.1S829.6,47,766.1,28.9z\"\/>\n<\/svg>\t\t<\/div>\n\t\t\t\t\t<div class=\"elementor-container elementor-column-gap-default\">\n\t\t\t\t\t\t\t<div class=\"elementor-row\">\n\t\t\t\t\t<div class=\"elementor-column elementor-col-100 elementor-top-column elementor-element elementor-element-c5633d7\" data-id=\"c5633d7\" data-element_type=\"column\">\n\t\t\t<div class=\"elementor-column-wrap elementor-element-populated\">\n\t\t\t\t\t\t\t<div class=\"elementor-widget-wrap\">\n\t\t\t\t\t\t<section class=\"elementor-section elementor-inner-section elementor-element elementor-element-b22ca3b elementor-section-boxed elementor-section-height-default elementor-section-height-default elementor-invisible\" data-id=\"b22ca3b\" data-element_type=\"section\" data-settings=\"{&quot;animation&quot;:&quot;fadeInUp&quot;}\">\n\t\t\t\t\t\t<div class=\"elementor-container elementor-column-gap-default\">\n\t\t\t\t\t\t\t<div class=\"elementor-row\">\n\t\t\t\t\t<div class=\"elementor-column elementor-col-100 elementor-inner-column elementor-element elementor-element-3d44ea9\" data-id=\"3d44ea9\" data-element_type=\"column\">\n\t\t\t<div class=\"elementor-column-wrap elementor-element-populated\">\n\t\t\t\t\t\t\t<div class=\"elementor-widget-wrap\">\n\t\t\t\t\t\t<div class=\"elementor-element elementor-element-cb56f48 elementor-widget elementor-widget-heading\" data-id=\"cb56f48\" data-element_type=\"widget\" data-widget_type=\"heading.default\">\n\t\t\t\t<div class=\"elementor-widget-container\">\n\t\t\t<h2 class=\"elementor-heading-title elementor-size-default\">FIRST-CLASS EXTINGUISHING AGENTS<\/h2>\t\t<\/div>\n\t\t\t\t<\/div>\n\t\t\t\t<div class=\"elementor-element elementor-element-3f09479 elementor-widget elementor-widget-text-editor\" data-id=\"3f09479\" data-element_type=\"widget\" data-widget_type=\"text-editor.default\">\n\t\t\t\t<div class=\"elementor-widget-container\">\n\t\t\t\t\t\t\t\t<div class=\"elementor-text-editor elementor-clearfix\">\n\t\t\t\tLearn more about the quality of Flamark Super here.\t\t\t\t\t<\/div>\n\t\t\t\t\t\t<\/div>\n\t\t\t\t<\/div>\n\t\t\t\t\t\t<\/div>\n\t\t\t\t\t<\/div>\n\t\t<\/div>\n\t\t\t\t\t\t\t\t<\/div>\n\t\t\t\t\t<\/div>\n\t\t<\/section>\n\t\t\t\t\t\t<\/div>\n\t\t\t\t\t<\/div>\n\t\t<\/div>\n\t\t\t\t\t\t\t\t<\/div>\n\t\t\t\t\t<\/div>\n\t\t<\/section>\n\t\t\t\t<section class=\"elementor-section elementor-top-section elementor-element elementor-element-64d020e elementor-section-boxed elementor-section-height-default elementor-section-height-default\" data-id=\"64d020e\" data-element_type=\"section\">\n\t\t\t\t\t\t<div class=\"elementor-container elementor-column-gap-default\">\n\t\t\t\t\t\t\t<div class=\"elementor-row\">\n\t\t\t\t\t<div class=\"elementor-column elementor-col-100 elementor-top-column elementor-element elementor-element-a8d937a\" data-id=\"a8d937a\" data-element_type=\"column\">\n\t\t\t<div class=\"elementor-column-wrap elementor-element-populated\">\n\t\t\t\t\t\t\t<div class=\"elementor-widget-wrap\">\n\t\t\t\t\t\t<section class=\"elementor-section elementor-inner-section elementor-element elementor-element-f001fa7 elementor-section-boxed elementor-section-height-default elementor-section-height-default\" data-id=\"f001fa7\" data-element_type=\"section\">\n\t\t\t\t\t\t<div class=\"elementor-container elementor-column-gap-default\">\n\t\t\t\t\t\t\t<div class=\"elementor-row\">\n\t\t\t\t\t<div class=\"elementor-column elementor-col-100 elementor-inner-column elementor-element elementor-element-0897dca\" data-id=\"0897dca\" data-element_type=\"column\">\n\t\t\t<div class=\"elementor-column-wrap elementor-element-populated\">\n\t\t\t\t\t\t\t<div class=\"elementor-widget-wrap\">\n\t\t\t\t\t\t<div class=\"elementor-element elementor-element-5154335 elementor-widget elementor-widget-image\" data-id=\"5154335\" data-element_type=\"widget\" data-widget_type=\"image.default\">\n\t\t\t\t<div class=\"elementor-widget-container\">\n\t\t\t\t\t\t\t\t<div class=\"elementor-image\">\n\t\t\t\t\t\t\t\t\t\t\t\t<img loading=\"lazy\" decoding=\"async\" width=\"139\" height=\"192\" src=\"https:\/\/flamarksuper.de\/wp-content\/uploads\/2022\/09\/favicon.png\" class=\"attachment-large size-large wp-image-2439\" alt=\"\" \/>\t\t\t\t\t\t\t\t\t\t\t\t\t\t<\/div>\n\t\t\t\t\t\t<\/div>\n\t\t\t\t<\/div>\n\t\t\t\t\t\t<\/div>\n\t\t\t\t\t<\/div>\n\t\t<\/div>\n\t\t\t\t\t\t\t\t<\/div>\n\t\t\t\t\t<\/div>\n\t\t<\/section>\n\t\t\t\t<section class=\"elementor-section elementor-inner-section elementor-element elementor-element-b7df3a8 elementor-section-boxed elementor-section-height-default elementor-section-height-default\" data-id=\"b7df3a8\" data-element_type=\"section\">\n\t\t\t\t\t\t<div class=\"elementor-container elementor-column-gap-default\">\n\t\t\t\t\t\t\t<div class=\"elementor-row\">\n\t\t\t\t\t<div class=\"elementor-column elementor-col-100 elementor-inner-column elementor-element elementor-element-2e5a8c2\" data-id=\"2e5a8c2\" data-element_type=\"column\">\n\t\t\t<div class=\"elementor-column-wrap elementor-element-populated\">\n\t\t\t\t\t\t\t<div class=\"elementor-widget-wrap\">\n\t\t\t\t\t\t<div class=\"elementor-element elementor-element-00d060a elementor-grid-4 elementor-grid-tablet-2 elementor-grid-mobile-1 elementor-posts--thumbnail-top elementor-widget elementor-widget-posts\" data-id=\"00d060a\" data-element_type=\"widget\" data-settings=\"{&quot;classic_columns&quot;:&quot;4&quot;,&quot;classic_columns_tablet&quot;:&quot;2&quot;,&quot;classic_columns_mobile&quot;:&quot;1&quot;,&quot;classic_row_gap&quot;:{&quot;unit&quot;:&quot;px&quot;,&quot;size&quot;:35,&quot;sizes&quot;:[]},&quot;classic_row_gap_tablet&quot;:{&quot;unit&quot;:&quot;px&quot;,&quot;size&quot;:&quot;&quot;,&quot;sizes&quot;:[]},&quot;classic_row_gap_mobile&quot;:{&quot;unit&quot;:&quot;px&quot;,&quot;size&quot;:&quot;&quot;,&quot;sizes&quot;:[]}}\" data-widget_type=\"posts.classic\">\n\t\t\t\t<div class=\"elementor-widget-container\">\n\t\t\t\t\t<div class=\"elementor-posts-container elementor-posts elementor-posts--skin-classic elementor-grid\">\n\t\t\t\t<article class=\"elementor-post elementor-grid-item post-2594 post type-post status-publish format-standard has-post-thumbnail hentry category-feuerloescher\">\n\t\t\t\t<a class=\"elementor-post__thumbnail__link\" href=\"https:\/\/flamarksuper.de\/en\/eine-alternative-zu-regulaeren-feuerloeschern\/\" >\n\t\t\t<div class=\"elementor-post__thumbnail\"><img loading=\"lazy\" decoding=\"async\" width=\"500\" height=\"242\" src=\"https:\/\/flamarksuper.de\/wp-content\/uploads\/2021\/02\/shutterstock_788649655.jpg\" class=\"attachment-full size-full wp-image-2580\" alt=\"mabo feuerl\u00f6scher optionen\" srcset=\"https:\/\/flamarksuper.de\/wp-content\/uploads\/2021\/02\/shutterstock_788649655.jpg 500w, https:\/\/flamarksuper.de\/wp-content\/uploads\/2021\/02\/shutterstock_788649655-300x145.jpg 300w, https:\/\/flamarksuper.de\/wp-content\/uploads\/2021\/02\/shutterstock_788649655-18x9.jpg 18w\" sizes=\"auto, (max-width: 500px) 100vw, 500px\" \/><\/div>\n\t\t<\/a>\n\t\t\t\t<div class=\"elementor-post__text\">\n\t\t\t\t<h3 class=\"elementor-post__title\">\n\t\t\t<a href=\"https:\/\/flamarksuper.de\/en\/eine-alternative-zu-regulaeren-feuerloeschern\/\" >\n\t\t\t\tEine Alternative zu regul\u00e4ren Feuerl\u00f6schern\t\t\t<\/a>\n\t\t<\/h3>\n\t\t\t\t<div class=\"elementor-post__meta-data\">\n\t\t\t\t\t<span class=\"elementor-post-date\">\n\t\t\t25\/10\/2023\t\t<\/span>\n\t\t\t\t<span class=\"elementor-post-avatar\">\n\t\t\tNo Comments\t\t<\/span>\n\t\t\t\t<\/div>\n\t\t\t\t<div class=\"elementor-post__excerpt\">\n\t\t\t<p>Die Anforderungen an Feuerl\u00f6scher sowie deren Funktionsweisen sind in Europa einheitlich in der Norm EN3 geregelt. Grunds\u00e4tzlich werden Feuerl\u00f6scher in Auflade-Feuerl\u00f6scher und Dauerdruck-Feuerl\u00f6scher unterschieden.<\/p>\n\t\t<\/div>\n\t\t\n\t\t<a class=\"elementor-post__read-more\" href=\"https:\/\/flamarksuper.de\/en\/eine-alternative-zu-regulaeren-feuerloeschern\/\" aria-label=\"Read more about Eine Alternative zu regul\u00e4ren Feuerl\u00f6schern\" data-no-translation-aria-label=\"\" >\n\t\t\tWeiter lesen \u00bb\t\t<\/a>\n\n\t\t\t\t<\/div>\n\t\t\t\t<\/article>\n\t\t\t\t<article class=\"elementor-post elementor-grid-item post-1234 post type-post status-publish format-standard has-post-thumbnail hentry category-feuerloescher\">\n\t\t\t\t<a class=\"elementor-post__thumbnail__link\" href=\"https:\/\/flamarksuper.de\/en\/wie-funktioniert-ein-automatischer-feuerloescher\/\" >\n\t\t\t<div class=\"elementor-post__thumbnail\"><img loading=\"lazy\" decoding=\"async\" width=\"500\" height=\"500\" src=\"https:\/\/flamarksuper.de\/wp-content\/uploads\/2022\/09\/mabo.png\" class=\"attachment-full size-full wp-image-2441\" alt=\"Automatischer Feuerl\u00f6scher von Mabo\" srcset=\"https:\/\/flamarksuper.de\/wp-content\/uploads\/2022\/09\/mabo.png 500w, https:\/\/flamarksuper.de\/wp-content\/uploads\/2022\/09\/mabo-300x300.png 300w, https:\/\/flamarksuper.de\/wp-content\/uploads\/2022\/09\/mabo-150x150.png 150w, https:\/\/flamarksuper.de\/wp-content\/uploads\/2022\/09\/elementor\/thumbs\/mabo-pv69n21zkxr2nxgzve2n4noioxvmnjkli84s5izjgg.png 288w\" sizes=\"auto, (max-width: 500px) 100vw, 500px\" \/><\/div>\n\t\t<\/a>\n\t\t\t\t<div class=\"elementor-post__text\">\n\t\t\t\t<h3 class=\"elementor-post__title\">\n\t\t\t<a href=\"https:\/\/flamarksuper.de\/en\/wie-funktioniert-ein-automatischer-feuerloescher\/\" >\n\t\t\t\tWie funktioniert ein automatischer Feuerl\u00f6scher?\t\t\t<\/a>\n\t\t<\/h3>\n\t\t\t\t<div class=\"elementor-post__meta-data\">\n\t\t\t\t\t<span class=\"elementor-post-date\">\n\t\t\t02\/08\/2023\t\t<\/span>\n\t\t\t\t<span class=\"elementor-post-avatar\">\n\t\t\tNo Comments\t\t<\/span>\n\t\t\t\t<\/div>\n\t\t\t\t<div class=\"elementor-post__excerpt\">\n\t\t\t<p>Automatische Feuerl\u00f6scher werden in Innenr\u00e4umen zum L\u00f6schen von Entstehungsbr\u00e4nden der Typen A, B und F eingesetzt. Ein automatischer Feuerl\u00f6scher eignet sich z. B. zum Einbau in Kesselr\u00e4umen, in Werkst\u00e4tten, zum Schutz bestimmter Maschinens\u00e4tze sowie in anderen Be-reichen, welche brennenden Fetten oder \u00d6len ausgesetzt sind.<\/p>\n\t\t<\/div>\n\t\t\n\t\t<a class=\"elementor-post__read-more\" href=\"https:\/\/flamarksuper.de\/en\/wie-funktioniert-ein-automatischer-feuerloescher\/\" aria-label=\"Read more about Wie funktioniert ein automatischer Feuerl\u00f6scher?\" data-no-translation-aria-label=\"\" >\n\t\t\tWeiter lesen \u00bb\t\t<\/a>\n\n\t\t\t\t<\/div>\n\t\t\t\t<\/article>\n\t\t\t\t<article class=\"elementor-post elementor-grid-item post-1407 post type-post status-publish format-standard has-post-thumbnail hentry category-feuerloescher\">\n\t\t\t\t<a class=\"elementor-post__thumbnail__link\" href=\"https:\/\/flamarksuper.de\/en\/feuerloescher-arten\/\" >\n\t\t\t<div class=\"elementor-post__thumbnail\"><img loading=\"lazy\" decoding=\"async\" width=\"1000\" height=\"483\" src=\"https:\/\/flamarksuper.de\/wp-content\/uploads\/2021\/02\/shutterstock_788649655-1.jpg\" class=\"attachment-full size-full wp-image-2582\" alt=\"feuerl\u00f6scher optionen\" srcset=\"https:\/\/flamarksuper.de\/wp-content\/uploads\/2021\/02\/shutterstock_788649655-1.jpg 1000w, https:\/\/flamarksuper.de\/wp-content\/uploads\/2021\/02\/shutterstock_788649655-1-300x145.jpg 300w, https:\/\/flamarksuper.de\/wp-content\/uploads\/2021\/02\/shutterstock_788649655-1-768x371.jpg 768w, https:\/\/flamarksuper.de\/wp-content\/uploads\/2021\/02\/shutterstock_788649655-1-18x9.jpg 18w\" sizes=\"auto, (max-width: 1000px) 100vw, 1000px\" \/><\/div>\n\t\t<\/a>\n\t\t\t\t<div class=\"elementor-post__text\">\n\t\t\t\t<h3 class=\"elementor-post__title\">\n\t\t\t<a href=\"https:\/\/flamarksuper.de\/en\/feuerloescher-arten\/\" >\n\t\t\t\tWelche Arten von Feuerl\u00f6schern gibt es?\t\t\t<\/a>\n\t\t<\/h3>\n\t\t\t\t<div class=\"elementor-post__meta-data\">\n\t\t\t\t\t<span class=\"elementor-post-date\">\n\t\t\t03\/04\/2023\t\t<\/span>\n\t\t\t\t<span class=\"elementor-post-avatar\">\n\t\t\tNo Comments\t\t<\/span>\n\t\t\t\t<\/div>\n\t\t\t\t<div class=\"elementor-post__excerpt\">\n\t\t\t<p>Feuerl\u00f6scher sind eine wichtige Sicherheitsvorrichtung in jedem Haushalt oder Gewerbegeb\u00e4u-de. Es gibt jedoch nicht nur eine Art von Feuerl\u00f6scher, sondern verschiedene Typen, die jeweils f\u00fcr unterschiedliche Brandklassen geeignet sind. In diesem Artikel werden wir uns einen \u00dcberblick \u00fcber die verschiedenen Arten von Feuerl\u00f6schern verschaffen.<\/p>\n\t\t<\/div>\n\t\t\n\t\t<a class=\"elementor-post__read-more\" href=\"https:\/\/flamarksuper.de\/en\/feuerloescher-arten\/\" aria-label=\"Read more about Welche Arten von Feuerl\u00f6schern gibt es?\" data-no-translation-aria-label=\"\" >\n\t\t\tWeiter lesen \u00bb\t\t<\/a>\n\n\t\t\t\t<\/div>\n\t\t\t\t<\/article>\n\t\t\t\t<article class=\"elementor-post elementor-grid-item post-1243 post type-post status-publish format-standard has-post-thumbnail hentry category-feuerloescher\">\n\t\t\t\t<a class=\"elementor-post__thumbnail__link\" href=\"https:\/\/flamarksuper.de\/en\/was-muss-ich-beim-kauf-eines-feuerloeschers-beachten\/\" >\n\t\t\t<div class=\"elementor-post__thumbnail\"><img loading=\"lazy\" decoding=\"async\" width=\"1000\" height=\"447\" src=\"https:\/\/flamarksuper.de\/wp-content\/uploads\/2021\/02\/shutterstock_1727045146-1.jpg\" class=\"attachment-full size-full wp-image-2583\" alt=\"feuerl\u00f6scher pr\u00fcfung\" srcset=\"https:\/\/flamarksuper.de\/wp-content\/uploads\/2021\/02\/shutterstock_1727045146-1.jpg 1000w, https:\/\/flamarksuper.de\/wp-content\/uploads\/2021\/02\/shutterstock_1727045146-1-300x134.jpg 300w, https:\/\/flamarksuper.de\/wp-content\/uploads\/2021\/02\/shutterstock_1727045146-1-768x343.jpg 768w, https:\/\/flamarksuper.de\/wp-content\/uploads\/2021\/02\/shutterstock_1727045146-1-18x8.jpg 18w\" sizes=\"auto, (max-width: 1000px) 100vw, 1000px\" \/><\/div>\n\t\t<\/a>\n\t\t\t\t<div class=\"elementor-post__text\">\n\t\t\t\t<h3 class=\"elementor-post__title\">\n\t\t\t<a href=\"https:\/\/flamarksuper.de\/en\/was-muss-ich-beim-kauf-eines-feuerloeschers-beachten\/\" >\n\t\t\t\tWas muss ich beim Kauf eines Feuerl\u00f6schers beachten?\t\t\t<\/a>\n\t\t<\/h3>\n\t\t\t\t<div class=\"elementor-post__meta-data\">\n\t\t\t\t\t<span class=\"elementor-post-date\">\n\t\t\t28\/05\/2021\t\t<\/span>\n\t\t\t\t<span class=\"elementor-post-avatar\">\n\t\t\tNo Comments\t\t<\/span>\n\t\t\t\t<\/div>\n\t\t\t\t<div class=\"elementor-post__excerpt\">\n\t\t\t<p>Ein Feuerl\u00f6scher ist ein wichtiger Bestandteil der Brandschutzausr\u00fcstung und kann im Notfall Leben retten und Sch\u00e4den minimieren. Doch bei der Wahl des richtigen Feuerl\u00f6schers gibt es einige wichtige Dinge zu beachten. In diesem Artikel m\u00f6chten wir Ihnen daher einige Tipps ge-ben, die Ihnen helfen, den passenden Feuerl\u00f6scher f\u00fcr Ihre Anforderungen zu finden.<\/p>\n\t\t<\/div>\n\t\t\n\t\t<a class=\"elementor-post__read-more\" href=\"https:\/\/flamarksuper.de\/en\/was-muss-ich-beim-kauf-eines-feuerloeschers-beachten\/\" aria-label=\"Read more about Was muss ich beim Kauf eines Feuerl\u00f6schers beachten?\" data-no-translation-aria-label=\"\" >\n\t\t\tWeiter lesen \u00bb\t\t<\/a>\n\n\t\t\t\t<\/div>\n\t\t\t\t<\/article>\n\t\t\t\t<\/div>\n\t\t\n\t\t\t\t<\/div>\n\t\t\t\t<\/div>\n\t\t\t\t\t\t<\/div>\n\t\t\t\t\t<\/div>\n\t\t<\/div>\n\t\t\t\t\t\t\t\t<\/div>\n\t\t\t\t\t<\/div>\n\t\t<\/section>\n\t\t\t\t\t\t<\/div>\n\t\t\t\t\t<\/div>\n\t\t<\/div>\n\t\t\t\t\t\t\t\t<\/div>\n\t\t\t\t\t<\/div>\n\t\t<\/section>\n\t\t\t\t\t\t\t\t\t<\/div>\n\t\t\t<\/div>\n\t\t\t\t\t<\/div>","protected":false},"excerpt":{"rendered":"<p>ERSTKLASSIGE L\u00d6SCHMITTEL Erfahren Sie an dieser Stelle mehr \u00fcber die Qualit\u00e4t von Flamark Super.<\/p>","protected":false},"author":4,"featured_media":0,"parent":0,"menu_order":0,"comment_status":"closed","ping_status":"closed","template":"","meta":{"footnotes":""},"class_list":["post-157","page","type-page","status-publish","hentry"],"yoast_head":"<!-- This site is optimized with the Yoast SEO plugin v24.0 - https:\/\/yoast.com\/wordpress\/plugins\/seo\/ -->\n<title>Blog | Flamark Super Distribution<\/title>\n<meta name=\"description\" content=\"Hier finden Sie unsere Blogs zu \u00fcber: Flamark, Mabo, Automatische Feuerl\u00f6scher und Feuerhemmstoffe.\" \/>\n<meta name=\"robots\" content=\"index, follow, max-snippet:-1, max-image-preview:large, max-video-preview:-1\" \/>\n<link rel=\"canonical\" href=\"https:\/\/flamarksuper.de\/en\/blog\/\" \/>\n<meta property=\"og:locale\" content=\"en_GB\" \/>\n<meta property=\"og:type\" content=\"article\" \/>\n<meta property=\"og:title\" content=\"Blog | Flamark Super Distribution\" \/>\n<meta property=\"og:description\" content=\"Hier finden Sie unsere Blogs zu \u00fcber: Flamark, Mabo, Automatische Feuerl\u00f6scher und Feuerhemmstoffe.\" \/>\n<meta property=\"og:url\" content=\"https:\/\/flamarksuper.de\/en\/blog\/\" \/>\n<meta property=\"og:site_name\" content=\"Flamark Super Distribution Andi Kaltovich (Shop)\" \/>\n<meta property=\"article:modified_time\" content=\"2023-05-30T14:56:48+00:00\" \/>\n<meta property=\"og:image\" content=\"https:\/\/flamarksuper.de\/wp-content\/uploads\/2022\/09\/favicon.png\" \/>\n<meta name=\"twitter:card\" content=\"summary_large_image\" \/>\n<meta name=\"twitter:label1\" content=\"Est. reading time\" \/>\n\t<meta name=\"twitter:data1\" content=\"2 minutes\" \/>\n<script type=\"application\/ld+json\" class=\"yoast-schema-graph\">{\"@context\":\"https:\/\/schema.org\",\"@graph\":[{\"@type\":\"WebPage\",\"@id\":\"https:\/\/flamarksuper.de\/blog\/\",\"url\":\"https:\/\/flamarksuper.de\/blog\/\",\"name\":\"Blog | Flamark Super Distribution\",\"isPartOf\":{\"@id\":\"https:\/\/flamarksuper.de\/ru\/#website\"},\"primaryImageOfPage\":{\"@id\":\"https:\/\/flamarksuper.de\/blog\/#primaryimage\"},\"image\":{\"@id\":\"https:\/\/flamarksuper.de\/blog\/#primaryimage\"},\"thumbnailUrl\":\"https:\/\/flamarksuper.de\/wp-content\/uploads\/2022\/09\/favicon.png\",\"datePublished\":\"2019-04-23T11:49:38+00:00\",\"dateModified\":\"2023-05-30T14:56:48+00:00\",\"description\":\"Hier finden Sie unsere Blogs zu \u00fcber: Flamark, Mabo, Automatische Feuerl\u00f6scher und Feuerhemmstoffe.\",\"breadcrumb\":{\"@id\":\"https:\/\/flamarksuper.de\/blog\/#breadcrumb\"},\"inLanguage\":\"en-GB\",\"potentialAction\":[{\"@type\":\"ReadAction\",\"target\":[\"https:\/\/flamarksuper.de\/blog\/\"]}]},{\"@type\":\"ImageObject\",\"inLanguage\":\"en-GB\",\"@id\":\"https:\/\/flamarksuper.de\/blog\/#primaryimage\",\"url\":\"https:\/\/flamarksuper.de\/wp-content\/uploads\/2022\/09\/favicon.png\",\"contentUrl\":\"https:\/\/flamarksuper.de\/wp-content\/uploads\/2022\/09\/favicon.png\"},{\"@type\":\"BreadcrumbList\",\"@id\":\"https:\/\/flamarksuper.de\/blog\/#breadcrumb\",\"itemListElement\":[{\"@type\":\"ListItem\",\"position\":1,\"name\":\"Startseite\",\"item\":\"https:\/\/flamarksuper.de\/\"},{\"@type\":\"ListItem\",\"position\":2,\"name\":\"Blog\"}]},{\"@type\":\"WebSite\",\"@id\":\"https:\/\/flamarksuper.de\/ru\/#website\",\"url\":\"https:\/\/flamarksuper.de\/ru\/\",\"name\":\"Flamark Super Distribution Andi Kaltovich (Shop)\",\"description\":\"\",\"publisher\":{\"@id\":\"https:\/\/flamarksuper.de\/ru\/#organization\"},\"potentialAction\":[{\"@type\":\"SearchAction\",\"target\":{\"@type\":\"EntryPoint\",\"urlTemplate\":\"https:\/\/flamarksuper.de\/ru\/?s={search_term_string}\"},\"query-input\":{\"@type\":\"PropertyValueSpecification\",\"valueRequired\":true,\"valueName\":\"search_term_string\"}}],\"inLanguage\":\"en-GB\"},{\"@type\":\"Organization\",\"@id\":\"https:\/\/flamarksuper.de\/ru\/#organization\",\"name\":\"Flamark Super Distribution Andi Kaltovich (Shop)\",\"url\":\"https:\/\/flamarksuper.de\/ru\/\",\"logo\":{\"@type\":\"ImageObject\",\"inLanguage\":\"en-GB\",\"@id\":\"https:\/\/flamarksuper.de\/ru\/#\/schema\/logo\/image\/\",\"url\":\"https:\/\/flamarksuper.de\/wp-content\/uploads\/2022\/03\/Flamark-Super-Logo.png\",\"contentUrl\":\"https:\/\/flamarksuper.de\/wp-content\/uploads\/2022\/03\/Flamark-Super-Logo.png\",\"width\":500,\"height\":49,\"caption\":\"Flamark Super Distribution Andi Kaltovich (Shop)\"},\"image\":{\"@id\":\"https:\/\/flamarksuper.de\/ru\/#\/schema\/logo\/image\/\"}}]}<\/script>\n<!-- \/ Yoast SEO plugin. -->","yoast_head_json":{"title":"Blog | Flamark Super Distribution","description":"Hier finden Sie unsere Blogs zu \u00fcber: Flamark, Mabo, Automatische Feuerl\u00f6scher und Feuerhemmstoffe.","robots":{"index":"index","follow":"follow","max-snippet":"max-snippet:-1","max-image-preview":"max-image-preview:large","max-video-preview":"max-video-preview:-1"},"canonical":"https:\/\/flamarksuper.de\/en\/blog\/","og_locale":"en_GB","og_type":"article","og_title":"Blog | Flamark Super Distribution","og_description":"Hier finden Sie unsere Blogs zu \u00fcber: Flamark, Mabo, Automatische Feuerl\u00f6scher und Feuerhemmstoffe.","og_url":"https:\/\/flamarksuper.de\/en\/blog\/","og_site_name":"Flamark Super Distribution Andi Kaltovich (Shop)","article_modified_time":"2023-05-30T14:56:48+00:00","og_image":[{"url":"https:\/\/flamarksuper.de\/wp-content\/uploads\/2022\/09\/favicon.png","type":"","width":"","height":""}],"twitter_card":"summary_large_image","twitter_misc":{"Est. reading time":"2 minutes"},"schema":{"@context":"https:\/\/schema.org","@graph":[{"@type":"WebPage","@id":"https:\/\/flamarksuper.de\/blog\/","url":"https:\/\/flamarksuper.de\/blog\/","name":"Blog | Flamark Super Distribution","isPartOf":{"@id":"https:\/\/flamarksuper.de\/ru\/#website"},"primaryImageOfPage":{"@id":"https:\/\/flamarksuper.de\/blog\/#primaryimage"},"image":{"@id":"https:\/\/flamarksuper.de\/blog\/#primaryimage"},"thumbnailUrl":"https:\/\/flamarksuper.de\/wp-content\/uploads\/2022\/09\/favicon.png","datePublished":"2019-04-23T11:49:38+00:00","dateModified":"2023-05-30T14:56:48+00:00","description":"Hier finden Sie unsere Blogs zu \u00fcber: Flamark, Mabo, Automatische Feuerl\u00f6scher und Feuerhemmstoffe.","breadcrumb":{"@id":"https:\/\/flamarksuper.de\/blog\/#breadcrumb"},"inLanguage":"en-GB","potentialAction":[{"@type":"ReadAction","target":["https:\/\/flamarksuper.de\/blog\/"]}]},{"@type":"ImageObject","inLanguage":"en-GB","@id":"https:\/\/flamarksuper.de\/blog\/#primaryimage","url":"https:\/\/flamarksuper.de\/wp-content\/uploads\/2022\/09\/favicon.png","contentUrl":"https:\/\/flamarksuper.de\/wp-content\/uploads\/2022\/09\/favicon.png"},{"@type":"BreadcrumbList","@id":"https:\/\/flamarksuper.de\/blog\/#breadcrumb","itemListElement":[{"@type":"ListItem","position":1,"name":"Startseite","item":"https:\/\/flamarksuper.de\/"},{"@type":"ListItem","position":2,"name":"Blog"}]},{"@type":"WebSite","@id":"https:\/\/flamarksuper.de\/ru\/#website","url":"https:\/\/flamarksuper.de\/ru\/","name":"Flamark Super Distribution Andi Kaltovich (Shop)","description":"","publisher":{"@id":"https:\/\/flamarksuper.de\/ru\/#organization"},"potentialAction":[{"@type":"SearchAction","target":{"@type":"EntryPoint","urlTemplate":"https:\/\/flamarksuper.de\/ru\/?s={search_term_string}"},"query-input":{"@type":"PropertyValueSpecification","valueRequired":true,"valueName":"search_term_string"}}],"inLanguage":"en-GB"},{"@type":"Organization","@id":"https:\/\/flamarksuper.de\/ru\/#organization","name":"Flamark Super Distribution Andi Kaltovich (Shop)","url":"https:\/\/flamarksuper.de\/ru\/","logo":{"@type":"ImageObject","inLanguage":"en-GB","@id":"https:\/\/flamarksuper.de\/ru\/#\/schema\/logo\/image\/","url":"https:\/\/flamarksuper.de\/wp-content\/uploads\/2022\/03\/Flamark-Super-Logo.png","contentUrl":"https:\/\/flamarksuper.de\/wp-content\/uploads\/2022\/03\/Flamark-Super-Logo.png","width":500,"height":49,"caption":"Flamark Super Distribution Andi Kaltovich (Shop)"},"image":{"@id":"https:\/\/flamarksuper.de\/ru\/#\/schema\/logo\/image\/"}}]}},"_links":{"self":[{"href":"https:\/\/flamarksuper.de\/en\/wp-json\/wp\/v2\/pages\/157","targetHints":{"allow":["GET"]}}],"collection":[{"href":"https:\/\/flamarksuper.de\/en\/wp-json\/wp\/v2\/pages"}],"about":[{"href":"https:\/\/flamarksuper.de\/en\/wp-json\/wp\/v2\/types\/page"}],"author":[{"embeddable":true,"href":"https:\/\/flamarksuper.de\/en\/wp-json\/wp\/v2\/users\/4"}],"replies":[{"embeddable":true,"href":"https:\/\/flamarksuper.de\/en\/wp-json\/wp\/v2\/comments?post=157"}],"version-history":[{"count":0,"href":"https:\/\/flamarksuper.de\/en\/wp-json\/wp\/v2\/pages\/157\/revisions"}],"wp:attachment":[{"href":"https:\/\/flamarksuper.de\/en\/wp-json\/wp\/v2\/media?parent=157"}],"curies":[{"name":"wp","href":"https:\/\/api.w.org\/{rel}","templated":true}]}}