{"id":2427,"date":"2022-09-16T10:33:38","date_gmt":"2022-09-16T08:33:38","guid":{"rendered":"https:\/\/flamarksuper.de\/?page_id=2427"},"modified":"2023-10-19T12:12:53","modified_gmt":"2023-10-19T10:12:53","slug":"kontakt","status":"publish","type":"page","link":"https:\/\/flamarksuper.de\/en\/kontakt\/","title":{"rendered":"Contact"},"content":{"rendered":"<div data-elementor-type=\"wp-page\" data-elementor-id=\"2427\" class=\"elementor elementor-2427\">\n\t\t\t\t\t\t<div class=\"elementor-inner\">\n\t\t\t\t<div class=\"elementor-section-wrap\">\n\t\t\t\t\t\t\t\t\t<section class=\"elementor-section elementor-top-section elementor-element elementor-element-1c179946 elementor-section-height-min-height elementor-section-boxed elementor-section-height-default elementor-section-items-middle\" data-id=\"1c179946\" data-element_type=\"section\" data-settings=\"{&quot;background_background&quot;:&quot;classic&quot;,&quot;shape_divider_bottom&quot;:&quot;mountains&quot;}\">\n\t\t\t\t\t\t\t<div class=\"elementor-background-overlay\"><\/div>\n\t\t\t\t\t\t<div class=\"elementor-shape elementor-shape-bottom\" data-negative=\"false\">\n\t\t\t<svg xmlns=\"http:\/\/www.w3.org\/2000\/svg\" viewbox=\"0 0 1000 100\" preserveaspectratio=\"none\">\n\t<path class=\"elementor-shape-fill\" opacity=\"0.33\" d=\"M473,67.3c-203.9,88.3-263.1-34-320.3,0C66,119.1,0,59.7,0,59.7V0h1000v59.7 c0,0-62.1,26.1-94.9,29.3c-32.8,3.3-62.8-12.3-75.8-22.1C806,49.6,745.3,8.7,694.9,4.7S492.4,59,473,67.3z\"\/>\n\t<path class=\"elementor-shape-fill\" opacity=\"0.66\" d=\"M734,67.3c-45.5,0-77.2-23.2-129.1-39.1c-28.6-8.7-150.3-10.1-254,39.1 s-91.7-34.4-149.2,0C115.7,118.3,0,39.8,0,39.8V0h1000v36.5c0,0-28.2-18.5-92.1-18.5C810.2,18.1,775.7,67.3,734,67.3z\"\/>\n\t<path class=\"elementor-shape-fill\" d=\"M766.1,28.9c-200-57.5-266,65.5-395.1,19.5C242,1.8,242,5.4,184.8,20.6C128,35.8,132.3,44.9,89.9,52.5C28.6,63.7,0,0,0,0 h1000c0,0-9.9,40.9-83.6,48.1S829.6,47,766.1,28.9z\"\/>\n<\/svg>\t\t<\/div>\n\t\t\t\t\t<div class=\"elementor-container elementor-column-gap-default\">\n\t\t\t\t\t\t\t<div class=\"elementor-row\">\n\t\t\t\t\t<div class=\"elementor-column elementor-col-100 elementor-top-column elementor-element elementor-element-4c7e7885\" data-id=\"4c7e7885\" data-element_type=\"column\">\n\t\t\t<div class=\"elementor-column-wrap elementor-element-populated\">\n\t\t\t\t\t\t\t<div class=\"elementor-widget-wrap\">\n\t\t\t\t\t\t<section class=\"elementor-section elementor-inner-section elementor-element elementor-element-43e9d023 elementor-section-boxed elementor-section-height-default elementor-section-height-default elementor-invisible\" data-id=\"43e9d023\" data-element_type=\"section\" data-settings=\"{&quot;animation&quot;:&quot;fadeInUp&quot;}\">\n\t\t\t\t\t\t<div class=\"elementor-container elementor-column-gap-default\">\n\t\t\t\t\t\t\t<div class=\"elementor-row\">\n\t\t\t\t\t<div class=\"elementor-column elementor-col-100 elementor-inner-column elementor-element elementor-element-412c8aaf\" data-id=\"412c8aaf\" data-element_type=\"column\">\n\t\t\t<div class=\"elementor-column-wrap elementor-element-populated\">\n\t\t\t\t\t\t\t<div class=\"elementor-widget-wrap\">\n\t\t\t\t\t\t<div class=\"elementor-element elementor-element-4b169ec6 elementor-widget elementor-widget-heading\" data-id=\"4b169ec6\" data-element_type=\"widget\" data-widget_type=\"heading.default\">\n\t\t\t\t<div class=\"elementor-widget-container\">\n\t\t\t<h1 class=\"elementor-heading-title elementor-size-default\">YOUR CONTACT FOR AUTOMATIC FIRE EXTINGUISHERS AND OTHER EXTINGUISHING AGENTS FROM FLENSBURG<\/h1>\t\t<\/div>\n\t\t\t\t<\/div>\n\t\t\t\t<div class=\"elementor-element elementor-element-16f0ee26 elementor-widget elementor-widget-text-editor\" data-id=\"16f0ee26\" data-element_type=\"widget\" data-widget_type=\"text-editor.default\">\n\t\t\t\t<div class=\"elementor-widget-container\">\n\t\t\t\t\t\t\t\t<div class=\"elementor-text-editor elementor-clearfix\">\n\t\t\t\tIf you interested in our products or have any questions? Please use our contact form. We look forward to receiving your message. \u00a0\t\t\t\t\t<\/div>\n\t\t\t\t\t\t<\/div>\n\t\t\t\t<\/div>\n\t\t\t\t\t\t<\/div>\n\t\t\t\t\t<\/div>\n\t\t<\/div>\n\t\t\t\t\t\t\t\t<\/div>\n\t\t\t\t\t<\/div>\n\t\t<\/section>\n\t\t\t\t\t\t<\/div>\n\t\t\t\t\t<\/div>\n\t\t<\/div>\n\t\t\t\t\t\t\t\t<\/div>\n\t\t\t\t\t<\/div>\n\t\t<\/section>\n\t\t\t\t<section class=\"elementor-section elementor-top-section elementor-element elementor-element-13a664c6 elementor-section-boxed elementor-section-height-default elementor-section-height-default\" data-id=\"13a664c6\" data-element_type=\"section\">\n\t\t\t\t\t\t<div class=\"elementor-container elementor-column-gap-default\">\n\t\t\t\t\t\t\t<div class=\"elementor-row\">\n\t\t\t\t\t<div class=\"elementor-column elementor-col-100 elementor-top-column elementor-element elementor-element-717be198\" data-id=\"717be198\" data-element_type=\"column\">\n\t\t\t<div class=\"elementor-column-wrap elementor-element-populated\">\n\t\t\t\t\t\t\t<div class=\"elementor-widget-wrap\">\n\t\t\t\t\t\t<section class=\"elementor-section elementor-inner-section elementor-element elementor-element-369d4cf8 elementor-section-boxed elementor-section-height-default elementor-section-height-default\" data-id=\"369d4cf8\" data-element_type=\"section\">\n\t\t\t\t\t\t<div class=\"elementor-container elementor-column-gap-default\">\n\t\t\t\t\t\t\t<div class=\"elementor-row\">\n\t\t\t\t\t<div class=\"elementor-column elementor-col-100 elementor-inner-column elementor-element elementor-element-19ec193f\" data-id=\"19ec193f\" data-element_type=\"column\">\n\t\t\t<div class=\"elementor-column-wrap elementor-element-populated\">\n\t\t\t\t\t\t\t<div class=\"elementor-widget-wrap\">\n\t\t\t\t\t\t<div class=\"elementor-element elementor-element-61c6cb6a elementor-widget elementor-widget-image\" data-id=\"61c6cb6a\" data-element_type=\"widget\" data-widget_type=\"image.default\">\n\t\t\t\t<div class=\"elementor-widget-container\">\n\t\t\t\t\t\t\t\t<div class=\"elementor-image\">\n\t\t\t\t\t\t\t\t\t\t\t\t<img loading=\"lazy\" decoding=\"async\" width=\"139\" height=\"192\" src=\"https:\/\/flamarksuper.de\/wp-content\/uploads\/2022\/09\/favicon.png\" class=\"attachment-large size-large wp-image-2439\" alt=\"\" \/>\t\t\t\t\t\t\t\t\t\t\t\t\t\t<\/div>\n\t\t\t\t\t\t<\/div>\n\t\t\t\t<\/div>\n\t\t\t\t\t\t<\/div>\n\t\t\t\t\t<\/div>\n\t\t<\/div>\n\t\t\t\t\t\t\t\t<\/div>\n\t\t\t\t\t<\/div>\n\t\t<\/section>\n\t\t\t\t<section class=\"elementor-section elementor-inner-section elementor-element elementor-element-57a2b256 elementor-section-boxed elementor-section-height-default elementor-section-height-default\" data-id=\"57a2b256\" data-element_type=\"section\">\n\t\t\t\t\t\t<div class=\"elementor-container elementor-column-gap-default\">\n\t\t\t\t\t\t\t<div class=\"elementor-row\">\n\t\t\t\t\t<div class=\"elementor-column elementor-col-100 elementor-inner-column elementor-element elementor-element-7e8c4959\" data-id=\"7e8c4959\" data-element_type=\"column\">\n\t\t\t<div class=\"elementor-column-wrap elementor-element-populated\">\n\t\t\t\t\t\t\t<div class=\"elementor-widget-wrap\">\n\t\t\t\t\t\t<div class=\"elementor-element elementor-element-2485fae3 elementor-widget elementor-widget-heading\" data-id=\"2485fae3\" data-element_type=\"widget\" data-widget_type=\"heading.default\">\n\t\t\t\t<div class=\"elementor-widget-container\">\n\t\t\t<h2 class=\"elementor-heading-title elementor-size-default\">SEND US A MESSAGE <\/h2>\t\t<\/div>\n\t\t\t\t<\/div>\n\t\t\t\t<div class=\"elementor-element elementor-element-19f6006b elementor-button-align-start elementor-widget elementor-widget-form\" data-id=\"19f6006b\" data-element_type=\"widget\" data-settings=\"{&quot;step_next_label&quot;:&quot;Next&quot;,&quot;step_previous_label&quot;:&quot;Previous&quot;,&quot;button_width&quot;:&quot;100&quot;,&quot;step_type&quot;:&quot;number_text&quot;,&quot;step_icon_shape&quot;:&quot;circle&quot;}\" data-widget_type=\"form.default\">\n\t\t\t\t<div class=\"elementor-widget-container\">\n\t\t\t\t\t<form class=\"elementor-form\" method=\"post\" name=\"Contact Form\" action=\"\">\n\t\t\t<input type=\"hidden\" name=\"post_id\" value=\"2427\"\/>\n\t\t\t<input type=\"hidden\" name=\"form_id\" value=\"19f6006b\"\/>\n\t\t\t<input type=\"hidden\" name=\"referer_title\" value=\"Flamark Super Distribution Andi Kaltovich (Shop)\" \/>\n\n\t\t\t\n\t\t\t<div class=\"elementor-form-fields-wrapper elementor-labels-\">\n\t\t\t\t\t\t\t\t<div class=\"elementor-field-type-text elementor-field-group elementor-column elementor-field-group-name elementor-col-100\">\n\t\t\t\t\t\t\t\t\t\t\t\t<label for=\"form-field-name\" class=\"elementor-field-label elementor-screen-only\">\n\t\t\t\t\t\t\t\tFirst and last name\t\t\t\t\t\t\t<\/label>\n\t\t\t\t\t\t\t\t\t\t\t\t\t\t<input size=\"1\" type=\"text\" name=\"form_fields[name]\" id=\"form-field-name\" class=\"elementor-field elementor-size-sm  elementor-field-textual\" placeholder=\"First and last name\">\n\t\t\t\t\t\t\t\t\t\t\t<\/div>\n\t\t\t\t\t\t\t\t<div class=\"elementor-field-type-email elementor-field-group elementor-column elementor-field-group-email elementor-col-50 elementor-field-required\">\n\t\t\t\t\t\t\t\t\t\t\t\t<label for=\"form-field-email\" class=\"elementor-field-label elementor-screen-only\">\n\t\t\t\t\t\t\t\tE-Mail\t\t\t\t\t\t\t<\/label>\n\t\t\t\t\t\t\t\t\t\t\t\t\t\t<input size=\"1\" type=\"email\" name=\"form_fields[email]\" id=\"form-field-email\" class=\"elementor-field elementor-size-sm  elementor-field-textual\" placeholder=\"E-mail *\" required=\"required\" aria-required=\"true\">\n\t\t\t\t\t\t\t\t\t\t\t<\/div>\n\t\t\t\t\t\t\t\t<div class=\"elementor-field-type-text elementor-field-group elementor-column elementor-field-group-field_b10f786 elementor-col-50\">\n\t\t\t\t\t\t\t\t\t\t\t\t<label for=\"form-field-field_b10f786\" class=\"elementor-field-label elementor-screen-only\">\n\t\t\t\t\t\t\t\tPhone\t\t\t\t\t\t\t<\/label>\n\t\t\t\t\t\t\t\t\t\t\t\t\t\t<input size=\"1\" type=\"text\" name=\"form_fields[field_b10f786]\" id=\"form-field-field_b10f786\" class=\"elementor-field elementor-size-sm  elementor-field-textual\" placeholder=\"Phone\">\n\t\t\t\t\t\t\t\t\t\t\t<\/div>\n\t\t\t\t\t\t\t\t<div class=\"elementor-field-type-textarea elementor-field-group elementor-column elementor-field-group-message elementor-col-100\">\n\t\t\t\t\t\t\t\t\t\t\t\t<label for=\"form-field-message\" class=\"elementor-field-label elementor-screen-only\">\n\t\t\t\t\t\t\t\tMessage\t\t\t\t\t\t\t<\/label>\n\t\t\t\t\t\t<textarea class=\"elementor-field-textual elementor-field  elementor-size-sm\" name=\"form_fields[message]\" id=\"form-field-message\" rows=\"4\" placeholder=\"Message\"><\/textarea>\t\t\t\t<\/div>\n\t\t\t\t\t\t\t\t<div class=\"elementor-field-type-checkbox elementor-field-group elementor-column elementor-field-group-termsCond elementor-col-100\">\n\t\t\t\t\t<div class=\"elementor-field-subgroup\"><span class=\"elementor-field-option\"><input type=\"checkbox\" value=\"&nbsp; Ich stimme zu, dass meine personenbezogenen Daten aus dieser \u00dcbermittlung, gem\u00e4\u00df der &lt;a href=&quot;\/datenschutzerklarung\/&quot;&gt;Datenschutzerkl\u00e4rung&lt;\/a&gt; .\" id=\"form-field-termsCond-0\" name=\"form_fields[termsCond]\"> <label for=\"form-field-termsCond-0\">&nbsp; I agree that my personal data from this submission may be stored, processed, and used in accordance with the <a href=\"https:\/\/flamarksuper.de\/en\/datenschutzerklarung\/\">Privacy policy<\/a> .<\/label><\/span><\/div>\t\t\t\t<\/div>\n\t\t\t\t\t\t\t\t<div class=\"elementor-field-type-html elementor-field-group elementor-column elementor-field-group-field_8802af3 elementor-col-100\">\n\t\t\t\t\t<span>* Required fields<\/span>\t\t\t\t<\/div>\n\t\t\t\t\t\t\t\t<div class=\"elementor-field-group elementor-column elementor-field-type-submit elementor-col-100 e-form__buttons\">\n\t\t\t\t\t<button type=\"submit\" class=\"elementor-button elementor-size-sm\">\n\t\t\t\t\t\t<span >\n\t\t\t\t\t\t\t\t\t\t\t\t\t\t\t<span class=\"elementor-align-icon-left elementor-button-icon\">\n\t\t\t\t\t\t\t\t\t<svg aria-hidden=\"true\" class=\"e-font-icon-svg e-fas-paper-plane\" viewbox=\"0 0 512 512\" xmlns=\"http:\/\/www.w3.org\/2000\/svg\"><path d=\"M476 3.2L12.5 270.6c-18.1 10.4-15.8 35.6 2.2 43.2L121 358.4l287.3-253.2c5.5-4.9 13.3 2.6 8.6 8.3L176 407v80.5c0 23.6 28.5 32.9 42.5 15.8L282 426l124.6 52.2c14.2 6 30.4-2.9 33-18.2l72-432C515 7.8 493.3-6.8 476 3.2z\"><\/path><\/svg>\t\t\t\t\t\t\t\t\t\t\t\t\t\t\t\t\t<\/span>\n\t\t\t\t\t\t\t\t\t\t\t\t\t\t\t\t\t\t\t\t\t\t<span class=\"elementor-button-text\">Send<\/span>\n\t\t\t\t\t\t\t\t\t\t\t\t\t<\/span>\n\t\t\t\t\t<\/button>\n\t\t\t\t<\/div>\n\t\t\t<\/div>\n\t\t<input type=\"hidden\" name=\"trp-form-language\" value=\"en\"\/><\/form>\n\t\t\t\t<\/div>\n\t\t\t\t<\/div>\n\t\t\t\t\t\t<\/div>\n\t\t\t\t\t<\/div>\n\t\t<\/div>\n\t\t\t\t\t\t\t\t<\/div>\n\t\t\t\t\t<\/div>\n\t\t<\/section>\n\t\t\t\t\t\t<\/div>\n\t\t\t\t\t<\/div>\n\t\t<\/div>\n\t\t\t\t\t\t\t\t<\/div>\n\t\t\t\t\t<\/div>\n\t\t<\/section>\n\t\t\t\t\t\t\t\t\t<\/div>\n\t\t\t<\/div>\n\t\t\t\t\t<\/div>","protected":false},"excerpt":{"rendered":"<p>Ihr Kontakt f\u00fcr automatische Feuerl\u00f6scher und weitere L\u00f6schmittel aus Flensburg Sie interessieren sich f\u00fcr unsere Produkte oder haben Fragen? Dann nutzen Sie bitte unser Kontaktformular. Wir freuen uns \u00fcber Ihre Nachricht. \u00a0 Schreiben Sie uns eine Nachricht<\/p>","protected":false},"author":4,"featured_media":0,"parent":0,"menu_order":0,"comment_status":"closed","ping_status":"closed","template":"","meta":{"footnotes":""},"class_list":["post-2427","page","type-page","status-publish","hentry"],"yoast_head":"<!-- This site is optimized with the Yoast SEO plugin v24.0 - https:\/\/yoast.com\/wordpress\/plugins\/seo\/ -->\n<title>Kontakt - Flamark Super Distribution Andi Kaltovich (Shop)<\/title>\n<meta name=\"robots\" content=\"index, follow, max-snippet:-1, max-image-preview:large, max-video-preview:-1\" \/>\n<link rel=\"canonical\" href=\"https:\/\/flamarksuper.de\/en\/kontakt\/\" \/>\n<meta property=\"og:locale\" content=\"en_GB\" \/>\n<meta property=\"og:type\" content=\"article\" \/>\n<meta property=\"og:title\" content=\"Kontakt - Flamark Super Distribution Andi Kaltovich (Shop)\" \/>\n<meta property=\"og:description\" content=\"Ihr Kontakt f\u00fcr automatische Feuerl\u00f6scher und weitere L\u00f6schmittel aus Flensburg Sie interessieren sich f\u00fcr unsere Produkte oder haben Fragen? Dann nutzen Sie bitte unser Kontaktformular. Wir freuen uns \u00fcber Ihre Nachricht. \u00a0 Schreiben Sie uns eine Nachricht\" \/>\n<meta property=\"og:url\" content=\"https:\/\/flamarksuper.de\/en\/kontakt\/\" \/>\n<meta property=\"og:site_name\" content=\"Flamark Super Distribution Andi Kaltovich (Shop)\" \/>\n<meta property=\"article:modified_time\" content=\"2023-10-19T10:12:53+00:00\" \/>\n<meta property=\"og:image\" content=\"https:\/\/flamarksuper.de\/wp-content\/uploads\/2022\/09\/favicon.png\" \/>\n<meta name=\"twitter:card\" content=\"summary_large_image\" \/>\n<meta name=\"twitter:label1\" content=\"Est. reading time\" \/>\n\t<meta name=\"twitter:data1\" content=\"1 minute\" \/>\n<script type=\"application\/ld+json\" class=\"yoast-schema-graph\">{\"@context\":\"https:\/\/schema.org\",\"@graph\":[{\"@type\":\"WebPage\",\"@id\":\"https:\/\/flamarksuper.de\/kontakt\/\",\"url\":\"https:\/\/flamarksuper.de\/kontakt\/\",\"name\":\"Kontakt - Flamark Super Distribution Andi Kaltovich (Shop)\",\"isPartOf\":{\"@id\":\"https:\/\/flamarksuper.de\/ru\/#website\"},\"primaryImageOfPage\":{\"@id\":\"https:\/\/flamarksuper.de\/kontakt\/#primaryimage\"},\"image\":{\"@id\":\"https:\/\/flamarksuper.de\/kontakt\/#primaryimage\"},\"thumbnailUrl\":\"https:\/\/flamarksuper.de\/wp-content\/uploads\/2022\/09\/favicon.png\",\"datePublished\":\"2022-09-16T08:33:38+00:00\",\"dateModified\":\"2023-10-19T10:12:53+00:00\",\"breadcrumb\":{\"@id\":\"https:\/\/flamarksuper.de\/kontakt\/#breadcrumb\"},\"inLanguage\":\"en-GB\",\"potentialAction\":[{\"@type\":\"ReadAction\",\"target\":[\"https:\/\/flamarksuper.de\/kontakt\/\"]}]},{\"@type\":\"ImageObject\",\"inLanguage\":\"en-GB\",\"@id\":\"https:\/\/flamarksuper.de\/kontakt\/#primaryimage\",\"url\":\"https:\/\/flamarksuper.de\/wp-content\/uploads\/2022\/09\/favicon.png\",\"contentUrl\":\"https:\/\/flamarksuper.de\/wp-content\/uploads\/2022\/09\/favicon.png\"},{\"@type\":\"BreadcrumbList\",\"@id\":\"https:\/\/flamarksuper.de\/kontakt\/#breadcrumb\",\"itemListElement\":[{\"@type\":\"ListItem\",\"position\":1,\"name\":\"Startseite\",\"item\":\"https:\/\/flamarksuper.de\/\"},{\"@type\":\"ListItem\",\"position\":2,\"name\":\"Kontakt\"}]},{\"@type\":\"WebSite\",\"@id\":\"https:\/\/flamarksuper.de\/ru\/#website\",\"url\":\"https:\/\/flamarksuper.de\/ru\/\",\"name\":\"Flamark Super Distribution Andi Kaltovich (Shop)\",\"description\":\"\",\"publisher\":{\"@id\":\"https:\/\/flamarksuper.de\/ru\/#organization\"},\"potentialAction\":[{\"@type\":\"SearchAction\",\"target\":{\"@type\":\"EntryPoint\",\"urlTemplate\":\"https:\/\/flamarksuper.de\/ru\/?s={search_term_string}\"},\"query-input\":{\"@type\":\"PropertyValueSpecification\",\"valueRequired\":true,\"valueName\":\"search_term_string\"}}],\"inLanguage\":\"en-GB\"},{\"@type\":\"Organization\",\"@id\":\"https:\/\/flamarksuper.de\/ru\/#organization\",\"name\":\"Flamark Super Distribution Andi Kaltovich (Shop)\",\"url\":\"https:\/\/flamarksuper.de\/ru\/\",\"logo\":{\"@type\":\"ImageObject\",\"inLanguage\":\"en-GB\",\"@id\":\"https:\/\/flamarksuper.de\/ru\/#\/schema\/logo\/image\/\",\"url\":\"https:\/\/flamarksuper.de\/wp-content\/uploads\/2022\/03\/Flamark-Super-Logo.png\",\"contentUrl\":\"https:\/\/flamarksuper.de\/wp-content\/uploads\/2022\/03\/Flamark-Super-Logo.png\",\"width\":500,\"height\":49,\"caption\":\"Flamark Super Distribution Andi Kaltovich (Shop)\"},\"image\":{\"@id\":\"https:\/\/flamarksuper.de\/ru\/#\/schema\/logo\/image\/\"}}]}<\/script>\n<!-- \/ Yoast SEO plugin. -->","yoast_head_json":{"title":"Kontakt - Flamark Super Distribution Andi Kaltovich (Shop)","robots":{"index":"index","follow":"follow","max-snippet":"max-snippet:-1","max-image-preview":"max-image-preview:large","max-video-preview":"max-video-preview:-1"},"canonical":"https:\/\/flamarksuper.de\/en\/kontakt\/","og_locale":"en_GB","og_type":"article","og_title":"Kontakt - Flamark Super Distribution Andi Kaltovich (Shop)","og_description":"Ihr Kontakt f\u00fcr automatische Feuerl\u00f6scher und weitere L\u00f6schmittel aus Flensburg Sie interessieren sich f\u00fcr unsere Produkte oder haben Fragen? Dann nutzen Sie bitte unser Kontaktformular. Wir freuen uns \u00fcber Ihre Nachricht. \u00a0 Schreiben Sie uns eine Nachricht","og_url":"https:\/\/flamarksuper.de\/en\/kontakt\/","og_site_name":"Flamark Super Distribution Andi Kaltovich (Shop)","article_modified_time":"2023-10-19T10:12:53+00:00","og_image":[{"url":"https:\/\/flamarksuper.de\/wp-content\/uploads\/2022\/09\/favicon.png","type":"","width":"","height":""}],"twitter_card":"summary_large_image","twitter_misc":{"Est. reading time":"1 minute"},"schema":{"@context":"https:\/\/schema.org","@graph":[{"@type":"WebPage","@id":"https:\/\/flamarksuper.de\/kontakt\/","url":"https:\/\/flamarksuper.de\/kontakt\/","name":"Kontakt - Flamark Super Distribution Andi Kaltovich (Shop)","isPartOf":{"@id":"https:\/\/flamarksuper.de\/ru\/#website"},"primaryImageOfPage":{"@id":"https:\/\/flamarksuper.de\/kontakt\/#primaryimage"},"image":{"@id":"https:\/\/flamarksuper.de\/kontakt\/#primaryimage"},"thumbnailUrl":"https:\/\/flamarksuper.de\/wp-content\/uploads\/2022\/09\/favicon.png","datePublished":"2022-09-16T08:33:38+00:00","dateModified":"2023-10-19T10:12:53+00:00","breadcrumb":{"@id":"https:\/\/flamarksuper.de\/kontakt\/#breadcrumb"},"inLanguage":"en-GB","potentialAction":[{"@type":"ReadAction","target":["https:\/\/flamarksuper.de\/kontakt\/"]}]},{"@type":"ImageObject","inLanguage":"en-GB","@id":"https:\/\/flamarksuper.de\/kontakt\/#primaryimage","url":"https:\/\/flamarksuper.de\/wp-content\/uploads\/2022\/09\/favicon.png","contentUrl":"https:\/\/flamarksuper.de\/wp-content\/uploads\/2022\/09\/favicon.png"},{"@type":"BreadcrumbList","@id":"https:\/\/flamarksuper.de\/kontakt\/#breadcrumb","itemListElement":[{"@type":"ListItem","position":1,"name":"Startseite","item":"https:\/\/flamarksuper.de\/"},{"@type":"ListItem","position":2,"name":"Kontakt"}]},{"@type":"WebSite","@id":"https:\/\/flamarksuper.de\/ru\/#website","url":"https:\/\/flamarksuper.de\/ru\/","name":"Flamark Super Distribution Andi Kaltovich (Shop)","description":"","publisher":{"@id":"https:\/\/flamarksuper.de\/ru\/#organization"},"potentialAction":[{"@type":"SearchAction","target":{"@type":"EntryPoint","urlTemplate":"https:\/\/flamarksuper.de\/ru\/?s={search_term_string}"},"query-input":{"@type":"PropertyValueSpecification","valueRequired":true,"valueName":"search_term_string"}}],"inLanguage":"en-GB"},{"@type":"Organization","@id":"https:\/\/flamarksuper.de\/ru\/#organization","name":"Flamark Super Distribution Andi Kaltovich (Shop)","url":"https:\/\/flamarksuper.de\/ru\/","logo":{"@type":"ImageObject","inLanguage":"en-GB","@id":"https:\/\/flamarksuper.de\/ru\/#\/schema\/logo\/image\/","url":"https:\/\/flamarksuper.de\/wp-content\/uploads\/2022\/03\/Flamark-Super-Logo.png","contentUrl":"https:\/\/flamarksuper.de\/wp-content\/uploads\/2022\/03\/Flamark-Super-Logo.png","width":500,"height":49,"caption":"Flamark Super Distribution Andi Kaltovich (Shop)"},"image":{"@id":"https:\/\/flamarksuper.de\/ru\/#\/schema\/logo\/image\/"}}]}},"_links":{"self":[{"href":"https:\/\/flamarksuper.de\/en\/wp-json\/wp\/v2\/pages\/2427","targetHints":{"allow":["GET"]}}],"collection":[{"href":"https:\/\/flamarksuper.de\/en\/wp-json\/wp\/v2\/pages"}],"about":[{"href":"https:\/\/flamarksuper.de\/en\/wp-json\/wp\/v2\/types\/page"}],"author":[{"embeddable":true,"href":"https:\/\/flamarksuper.de\/en\/wp-json\/wp\/v2\/users\/4"}],"replies":[{"embeddable":true,"href":"https:\/\/flamarksuper.de\/en\/wp-json\/wp\/v2\/comments?post=2427"}],"version-history":[{"count":0,"href":"https:\/\/flamarksuper.de\/en\/wp-json\/wp\/v2\/pages\/2427\/revisions"}],"wp:attachment":[{"href":"https:\/\/flamarksuper.de\/en\/wp-json\/wp\/v2\/media?parent=2427"}],"curies":[{"name":"wp","href":"https:\/\/api.w.org\/{rel}","templated":true}]}}