{"id":2493,"date":"2022-10-10T10:09:30","date_gmt":"2022-10-10T08:09:30","guid":{"rendered":"https:\/\/flamarksuper.de\/?page_id=2493"},"modified":"2023-06-01T16:13:35","modified_gmt":"2023-06-01T14:13:35","slug":"widerrufsbelehrung-widerrufsformular","status":"publish","type":"page","link":"https:\/\/flamarksuper.de\/en\/widerrufsbelehrung-widerrufsformular\/","title":{"rendered":"Cancellation policy"},"content":{"rendered":"<div data-elementor-type=\"wp-page\" data-elementor-id=\"2493\" class=\"elementor elementor-2493\">\n\t\t\t\t\t\t<div class=\"elementor-inner\">\n\t\t\t\t<div class=\"elementor-section-wrap\">\n\t\t\t\t\t\t\t\t\t<section class=\"elementor-section elementor-top-section elementor-element elementor-element-83832d6 elementor-section-boxed elementor-section-height-default elementor-section-height-default\" data-id=\"83832d6\" data-element_type=\"section\">\n\t\t\t\t\t\t<div class=\"elementor-container elementor-column-gap-default\">\n\t\t\t\t\t\t\t<div class=\"elementor-row\">\n\t\t\t\t\t<div class=\"elementor-column elementor-col-100 elementor-top-column elementor-element elementor-element-0b3ee97\" data-id=\"0b3ee97\" data-element_type=\"column\">\n\t\t\t<div class=\"elementor-column-wrap elementor-element-populated\">\n\t\t\t\t\t\t\t<div class=\"elementor-widget-wrap\">\n\t\t\t\t\t\t\t\t<\/div>\n\t\t\t\t\t<\/div>\n\t\t<\/div>\n\t\t\t\t\t\t\t\t<\/div>\n\t\t\t\t\t<\/div>\n\t\t<\/section>\n\t\t\t\t<section class=\"elementor-section elementor-top-section elementor-element elementor-element-e6d3654 elementor-section-boxed elementor-section-height-default elementor-section-height-default\" data-id=\"e6d3654\" data-element_type=\"section\">\n\t\t\t\t\t\t<div class=\"elementor-container elementor-column-gap-default\">\n\t\t\t\t\t\t\t<div class=\"elementor-row\">\n\t\t\t\t\t<div class=\"elementor-column elementor-col-100 elementor-top-column elementor-element elementor-element-ecf9bbf\" data-id=\"ecf9bbf\" data-element_type=\"column\">\n\t\t\t<div class=\"elementor-column-wrap elementor-element-populated\">\n\t\t\t\t\t\t\t<div class=\"elementor-widget-wrap\">\n\t\t\t\t\t\t<div class=\"elementor-element elementor-element-936c3fe elementor-widget elementor-widget-heading\" data-id=\"936c3fe\" data-element_type=\"widget\" data-widget_type=\"heading.default\">\n\t\t\t\t<div class=\"elementor-widget-container\">\n\t\t\t<h2 class=\"elementor-heading-title elementor-size-default\">Widerrufsbelehrung & Widerrufsformular<\/h2>\t\t<\/div>\n\t\t\t\t<\/div>\n\t\t\t\t<div class=\"elementor-element elementor-element-72818b8 elementor-widget elementor-widget-text-editor\" data-id=\"72818b8\" data-element_type=\"widget\" data-widget_type=\"text-editor.default\">\n\t\t\t\t<div class=\"elementor-widget-container\">\n\t\t\t\t\t\t\t\t<div class=\"elementor-text-editor elementor-clearfix\">\n\t\t\t\t<p><strong>Widerrufsrecht<\/strong><\/p><p>Sie k\u00f6nnen Ihre Vertragserkl\u00e4rung innerhalb von zwei Wochen ohne Angabe von Gr\u00fcnden in Textform (z.B. Brief, Fax, E-Mail) oder \u2013 wenn Ihnen die Sache vor Fristablauf \u00fcberlassen wird \u2013 durch R\u00fccksendung der Sache widerrufen. Die Frist beginnt nach Erhalt dieser Belehrung in Textform, jedoch nicht vor Eingang der Ware beim Empf\u00e4nger (bei der wiederkehrenden Lieferung gleichartiger Waren nicht vor Eingang der ersten Teillieferung) und auch nicht vor Erf\u00fcllung unserer Informationspflichten gem\u00e4\u00df \u00a7 312c Abs. 2 BGB in Verbindung mit \u00a7 1 Abs. 1, 2 und 4 BGB-InfoV sowie unserer Pflichten gem\u00e4\u00df \u00a7 312e Abs. 1 Satz 1 BGB in Verbindung mit \u00a7 3 BGB-InfoV. Zur Wahrung der Widerrufsfrist gen\u00fcgt die rechtzeitige Absendung des Widerrufs oder der Sache. Der Widerruf ist zu richten an:<\/p><p>Flamark Super Distribution<\/p><p><a href=\"tel:+494615051666\"><span>04615 051666<\/span><\/a><\/p><p><a href=\"mailto:info@flamarksuper.de\">info@flamarksuper.de<\/a>\u00a0<\/p><p><strong>Widerrufsfolgen<\/strong><\/p><p>Im Fall eines wirksamen Widerrufs sind die beiderseits empfangenen Leistungen zur\u00fcckzugew\u00e4hren und ggf. gezogene Nutzungen (z.B. Zinsen) herauszugeben. K\u00f6nnen Sie uns die empfangene Leistung ganz oder teilweise nicht oder nur in verschlechtertem Zustand zur\u00fcckgew\u00e4hren, m\u00fcssen Sie uns insoweit ggf. Wertersatz leisten. Bei der \u00dcberlassung von Sachen gilt dies nicht, wenn die Verschlechterung der Sache ausschlie\u00dflich auf deren Pr\u00fcfung \u2013 wie sie Ihnen etwa im Ladengesch\u00e4ft m\u00f6glich gewesen w\u00e4re \u2013 zur\u00fcckzuf\u00fchren ist. Im \u00dcbrigen k\u00f6nnen Sie die Pflicht zum Wertersatz f\u00fcr eine durch die bestimmungsgem\u00e4\u00dfe Ingebrauchnahme der Sache entstandene Verschlechterung vermeiden, indem Sie die Sache nicht wie ihr Eigentum in Gebrauch nehmen und alles unterlassen, was deren Wert beeintr\u00e4chtigt. Paketversandf\u00e4hige Sachen sind auf unsere Gefahr zur\u00fcckzusenden. Sie haben die Kosten der R\u00fccksendung zu tragen, wenn die gelieferte Ware der bestellten entspricht und wenn der Preis der zur\u00fcckzusendenden Sache einen Betrag von 40 Euro nicht \u00fcbersteigt oder wenn Sie bei einem h\u00f6heren Preis der Sache zum Zeitpunkt des Widerrufs noch nicht die Gegenleistung oder eine vertraglich vereinbarte Teilzahlung erbracht haben. Anderenfalls ist die R\u00fccksendung f\u00fcr Sie kostenfrei. Nicht paketversandf\u00e4hige Sachen werden bei Ihnen abgeholt. Verpflichtungen zur Erstattung von Zahlungen m\u00fcssen innerhalb von 30 Tagen erf\u00fcllt werden. Die Frist beginnt f\u00fcr Sie mit der Absendung der Widerrufserkl\u00e4rung oder der Sache, f\u00fcr uns mit deren Empfang.<\/p><p><strong>Widerrufsformular<\/strong><\/p><p>Wenn Sie den Vertrag widerrufen wollen, dann f\u00fcllen Sie bitte dieses Formular aus und senden es zur\u00fcck.<\/p><p>An<\/p><p>Flamark Super Distribution<\/p><p><span>Gneisenauweg 18<br \/><\/span><span>24944 Flensburg<\/span><\/p><p><a href=\"tel:+494615051666\"><span>+49 (0) 461 5051 666<\/span><\/a><\/p><p><a href=\"mailto:info@flamarksuper.de\">info@flamarksuper.de<\/a>\u00a0<\/p><p>Hiermit widerrufe(n) ich\/wir (*) den von mir\/uns (*) abgeschlossenen<\/p><p>Vertrag \u00fcber den Kauf der folgenden Waren (*)\/die Erbringung der<\/p><p>folgenden Dienstleistung (*)<\/p><p>_______________________________________________________<\/p><p>_______________________________________________________<\/p><p>Bestellt am (*) ____________ \/ erhalten am (*) __________________<\/p><p>________________________________________________________<br \/>Name des\/der Verbraucher(s)<\/p><p>________________________________________________________<br \/>Anschrift des\/der Verbraucher(s)<\/p><p>________________________________________________________<br \/>Unterschrift des\/der Verbraucher(s) (nur bei Mitteilung auf Papier)<\/p><p>_________________________<br \/>Datum<\/p><p>(*) Unzutreffendes streichenFlamark<\/p>\t\t\t\t\t<\/div>\n\t\t\t\t\t\t<\/div>\n\t\t\t\t<\/div>\n\t\t\t\t\t\t<\/div>\n\t\t\t\t\t<\/div>\n\t\t<\/div>\n\t\t\t\t\t\t\t\t<\/div>\n\t\t\t\t\t<\/div>\n\t\t<\/section>\n\t\t\t\t\t\t\t\t\t<\/div>\n\t\t\t<\/div>\n\t\t\t\t\t<\/div>","protected":false},"excerpt":{"rendered":"<p>Widerrufsbelehrung &#038; Widerrufsformular Widerrufsrecht Sie k\u00f6nnen Ihre Vertragserkl\u00e4rung innerhalb von zwei Wochen ohne Angabe von Gr\u00fcnden in Textform (z.B. Brief, Fax, E-Mail) oder \u2013 wenn Ihnen die Sache vor Fristablauf \u00fcberlassen wird \u2013 durch R\u00fccksendung der Sache widerrufen. Die Frist beginnt nach Erhalt dieser Belehrung in Textform, jedoch nicht vor Eingang der Ware beim Empf\u00e4nger [&hellip;]<\/p>","protected":false},"author":4,"featured_media":0,"parent":0,"menu_order":0,"comment_status":"closed","ping_status":"closed","template":"","meta":{"footnotes":""},"class_list":["post-2493","page","type-page","status-publish","hentry"],"yoast_head":"<!-- This site is optimized with the Yoast SEO plugin v24.0 - https:\/\/yoast.com\/wordpress\/plugins\/seo\/ -->\n<title>Widerrufsbelehrung I Flamark Super Distribution I Flensburg<\/title>\n<meta name=\"description\" content=\"Hier finden Sie unser Widerrufsformular und unsere Widerrufsbelehrung.\" \/>\n<meta name=\"robots\" content=\"index, follow, max-snippet:-1, max-image-preview:large, max-video-preview:-1\" \/>\n<link rel=\"canonical\" href=\"https:\/\/flamarksuper.de\/en\/widerrufsbelehrung-widerrufsformular\/\" \/>\n<meta property=\"og:locale\" content=\"en_GB\" \/>\n<meta property=\"og:type\" content=\"article\" \/>\n<meta property=\"og:title\" content=\"Widerrufsbelehrung I Flamark Super Distribution I Flensburg\" \/>\n<meta property=\"og:description\" content=\"Hier finden Sie unser Widerrufsformular und unsere Widerrufsbelehrung.\" \/>\n<meta property=\"og:url\" content=\"https:\/\/flamarksuper.de\/en\/widerrufsbelehrung-widerrufsformular\/\" \/>\n<meta property=\"og:site_name\" content=\"Flamark Super Distribution Andi Kaltovich (Shop)\" \/>\n<meta property=\"article:modified_time\" content=\"2023-06-01T14:13:35+00:00\" \/>\n<meta name=\"twitter:card\" content=\"summary_large_image\" \/>\n<meta name=\"twitter:label1\" content=\"Est. reading time\" \/>\n\t<meta name=\"twitter:data1\" content=\"3 minutes\" \/>\n<script type=\"application\/ld+json\" class=\"yoast-schema-graph\">{\"@context\":\"https:\/\/schema.org\",\"@graph\":[{\"@type\":\"WebPage\",\"@id\":\"https:\/\/flamarksuper.de\/widerrufsbelehrung-widerrufsformular\/\",\"url\":\"https:\/\/flamarksuper.de\/widerrufsbelehrung-widerrufsformular\/\",\"name\":\"Widerrufsbelehrung I Flamark Super Distribution I Flensburg\",\"isPartOf\":{\"@id\":\"https:\/\/flamarksuper.de\/ru\/#website\"},\"datePublished\":\"2022-10-10T08:09:30+00:00\",\"dateModified\":\"2023-06-01T14:13:35+00:00\",\"description\":\"Hier finden Sie unser Widerrufsformular und unsere Widerrufsbelehrung.\",\"breadcrumb\":{\"@id\":\"https:\/\/flamarksuper.de\/widerrufsbelehrung-widerrufsformular\/#breadcrumb\"},\"inLanguage\":\"en-GB\",\"potentialAction\":[{\"@type\":\"ReadAction\",\"target\":[\"https:\/\/flamarksuper.de\/widerrufsbelehrung-widerrufsformular\/\"]}]},{\"@type\":\"BreadcrumbList\",\"@id\":\"https:\/\/flamarksuper.de\/widerrufsbelehrung-widerrufsformular\/#breadcrumb\",\"itemListElement\":[{\"@type\":\"ListItem\",\"position\":1,\"name\":\"Startseite\",\"item\":\"https:\/\/flamarksuper.de\/\"},{\"@type\":\"ListItem\",\"position\":2,\"name\":\"Widerrufsbelehrung &#038; Widerrufsformular\"}]},{\"@type\":\"WebSite\",\"@id\":\"https:\/\/flamarksuper.de\/ru\/#website\",\"url\":\"https:\/\/flamarksuper.de\/ru\/\",\"name\":\"Flamark Super Distribution Andi Kaltovich (Shop)\",\"description\":\"\",\"publisher\":{\"@id\":\"https:\/\/flamarksuper.de\/ru\/#organization\"},\"potentialAction\":[{\"@type\":\"SearchAction\",\"target\":{\"@type\":\"EntryPoint\",\"urlTemplate\":\"https:\/\/flamarksuper.de\/ru\/?s={search_term_string}\"},\"query-input\":{\"@type\":\"PropertyValueSpecification\",\"valueRequired\":true,\"valueName\":\"search_term_string\"}}],\"inLanguage\":\"en-GB\"},{\"@type\":\"Organization\",\"@id\":\"https:\/\/flamarksuper.de\/ru\/#organization\",\"name\":\"Flamark Super Distribution Andi Kaltovich (Shop)\",\"url\":\"https:\/\/flamarksuper.de\/ru\/\",\"logo\":{\"@type\":\"ImageObject\",\"inLanguage\":\"en-GB\",\"@id\":\"https:\/\/flamarksuper.de\/ru\/#\/schema\/logo\/image\/\",\"url\":\"https:\/\/flamarksuper.de\/wp-content\/uploads\/2022\/03\/Flamark-Super-Logo.png\",\"contentUrl\":\"https:\/\/flamarksuper.de\/wp-content\/uploads\/2022\/03\/Flamark-Super-Logo.png\",\"width\":500,\"height\":49,\"caption\":\"Flamark Super Distribution Andi Kaltovich (Shop)\"},\"image\":{\"@id\":\"https:\/\/flamarksuper.de\/ru\/#\/schema\/logo\/image\/\"}}]}<\/script>\n<!-- \/ Yoast SEO plugin. -->","yoast_head_json":{"title":"Widerrufsbelehrung I Flamark Super Distribution I Flensburg","description":"Hier finden Sie unser Widerrufsformular und unsere Widerrufsbelehrung.","robots":{"index":"index","follow":"follow","max-snippet":"max-snippet:-1","max-image-preview":"max-image-preview:large","max-video-preview":"max-video-preview:-1"},"canonical":"https:\/\/flamarksuper.de\/en\/widerrufsbelehrung-widerrufsformular\/","og_locale":"en_GB","og_type":"article","og_title":"Widerrufsbelehrung I Flamark Super Distribution I Flensburg","og_description":"Hier finden Sie unser Widerrufsformular und unsere Widerrufsbelehrung.","og_url":"https:\/\/flamarksuper.de\/en\/widerrufsbelehrung-widerrufsformular\/","og_site_name":"Flamark Super Distribution Andi Kaltovich (Shop)","article_modified_time":"2023-06-01T14:13:35+00:00","twitter_card":"summary_large_image","twitter_misc":{"Est. reading time":"3 minutes"},"schema":{"@context":"https:\/\/schema.org","@graph":[{"@type":"WebPage","@id":"https:\/\/flamarksuper.de\/widerrufsbelehrung-widerrufsformular\/","url":"https:\/\/flamarksuper.de\/widerrufsbelehrung-widerrufsformular\/","name":"Widerrufsbelehrung I Flamark Super Distribution I Flensburg","isPartOf":{"@id":"https:\/\/flamarksuper.de\/ru\/#website"},"datePublished":"2022-10-10T08:09:30+00:00","dateModified":"2023-06-01T14:13:35+00:00","description":"Hier finden Sie unser Widerrufsformular und unsere Widerrufsbelehrung.","breadcrumb":{"@id":"https:\/\/flamarksuper.de\/widerrufsbelehrung-widerrufsformular\/#breadcrumb"},"inLanguage":"en-GB","potentialAction":[{"@type":"ReadAction","target":["https:\/\/flamarksuper.de\/widerrufsbelehrung-widerrufsformular\/"]}]},{"@type":"BreadcrumbList","@id":"https:\/\/flamarksuper.de\/widerrufsbelehrung-widerrufsformular\/#breadcrumb","itemListElement":[{"@type":"ListItem","position":1,"name":"Startseite","item":"https:\/\/flamarksuper.de\/"},{"@type":"ListItem","position":2,"name":"Widerrufsbelehrung &#038; Widerrufsformular"}]},{"@type":"WebSite","@id":"https:\/\/flamarksuper.de\/ru\/#website","url":"https:\/\/flamarksuper.de\/ru\/","name":"Flamark Super Distribution Andi Kaltovich (Shop)","description":"","publisher":{"@id":"https:\/\/flamarksuper.de\/ru\/#organization"},"potentialAction":[{"@type":"SearchAction","target":{"@type":"EntryPoint","urlTemplate":"https:\/\/flamarksuper.de\/ru\/?s={search_term_string}"},"query-input":{"@type":"PropertyValueSpecification","valueRequired":true,"valueName":"search_term_string"}}],"inLanguage":"en-GB"},{"@type":"Organization","@id":"https:\/\/flamarksuper.de\/ru\/#organization","name":"Flamark Super Distribution Andi Kaltovich (Shop)","url":"https:\/\/flamarksuper.de\/ru\/","logo":{"@type":"ImageObject","inLanguage":"en-GB","@id":"https:\/\/flamarksuper.de\/ru\/#\/schema\/logo\/image\/","url":"https:\/\/flamarksuper.de\/wp-content\/uploads\/2022\/03\/Flamark-Super-Logo.png","contentUrl":"https:\/\/flamarksuper.de\/wp-content\/uploads\/2022\/03\/Flamark-Super-Logo.png","width":500,"height":49,"caption":"Flamark Super Distribution Andi Kaltovich (Shop)"},"image":{"@id":"https:\/\/flamarksuper.de\/ru\/#\/schema\/logo\/image\/"}}]}},"_links":{"self":[{"href":"https:\/\/flamarksuper.de\/en\/wp-json\/wp\/v2\/pages\/2493","targetHints":{"allow":["GET"]}}],"collection":[{"href":"https:\/\/flamarksuper.de\/en\/wp-json\/wp\/v2\/pages"}],"about":[{"href":"https:\/\/flamarksuper.de\/en\/wp-json\/wp\/v2\/types\/page"}],"author":[{"embeddable":true,"href":"https:\/\/flamarksuper.de\/en\/wp-json\/wp\/v2\/users\/4"}],"replies":[{"embeddable":true,"href":"https:\/\/flamarksuper.de\/en\/wp-json\/wp\/v2\/comments?post=2493"}],"version-history":[{"count":0,"href":"https:\/\/flamarksuper.de\/en\/wp-json\/wp\/v2\/pages\/2493\/revisions"}],"wp:attachment":[{"href":"https:\/\/flamarksuper.de\/en\/wp-json\/wp\/v2\/media?parent=2493"}],"curies":[{"name":"wp","href":"https:\/\/api.w.org\/{rel}","templated":true}]}}