{"id":2660,"date":"2024-12-03T10:39:39","date_gmt":"2024-12-03T09:39:39","guid":{"rendered":"https:\/\/flamarksuper.de\/?page_id=2660"},"modified":"2024-12-03T10:54:08","modified_gmt":"2024-12-03T09:54:08","slug":"cart","status":"publish","type":"page","link":"https:\/\/flamarksuper.de\/ru\/cart\/","title":{"rendered":"Cart"},"content":{"rendered":"<div data-elementor-type=\"wp-page\" data-elementor-id=\"2660\" class=\"elementor elementor-2660\">\n\t\t\t\t\t\t<div class=\"elementor-inner\">\n\t\t\t\t<div class=\"elementor-section-wrap\">\n\t\t\t\t\t\t\t\t\t<section class=\"elementor-section elementor-top-section elementor-element elementor-element-05415d1 elementor-section-boxed elementor-section-height-default elementor-section-height-default\" data-id=\"05415d1\" data-element_type=\"section\">\n\t\t\t\t\t\t<div class=\"elementor-container elementor-column-gap-default\">\n\t\t\t\t\t\t\t<div class=\"elementor-row\">\n\t\t\t\t\t<div class=\"elementor-column elementor-col-100 elementor-top-column elementor-element elementor-element-aa1853c\" data-id=\"aa1853c\" data-element_type=\"column\">\n\t\t\t<div class=\"elementor-column-wrap elementor-element-populated\">\n\t\t\t\t\t\t\t<div class=\"elementor-widget-wrap\">\n\t\t\t\t\t\t\t\t<\/div>\n\t\t\t\t\t<\/div>\n\t\t<\/div>\n\t\t\t\t\t\t\t\t<\/div>\n\t\t\t\t\t<\/div>\n\t\t<\/section>\n\t\t\t\t\t\t\t\t\t<\/div>\n\t\t\t<\/div>\n\t\t\t\t\t<\/div>","protected":false},"excerpt":{"rendered":"<p>Remove item Thumbnail image Product Price Quantity Subtotal &times; flam ace 750 &#8211; Deutschlands bestes Feuerl\u00f6schspray 29,75&nbsp;&euro; flam ace 750 &#8211; Deutschlands bestes Feuerl\u00f6schspray quantity 29,75&nbsp;&euro; &times; flam 6 &#8211; erh\u00f6ht die L\u00f6schkraft von Wasser um das 20fache!!! 29,75&nbsp;&euro; flam 6 &#8211; erh\u00f6ht die L\u00f6schkraft von Wasser um das 20fache!!! quantity 29,75&nbsp;&euro; &times; mabo &#8211; [&hellip;]<\/p>","protected":false},"author":3,"featured_media":0,"parent":0,"menu_order":0,"comment_status":"closed","ping_status":"closed","template":"","meta":{"footnotes":""},"class_list":["post-2660","page","type-page","status-publish","hentry"],"yoast_head":"<!-- This site is optimized with the Yoast SEO plugin v24.0 - https:\/\/yoast.com\/wordpress\/plugins\/seo\/ -->\n<title>Cart - Flamark Super Distribution Andi Kaltovich (Shop)<\/title>\n<meta name=\"robots\" content=\"index, follow, max-snippet:-1, max-image-preview:large, max-video-preview:-1\" \/>\n<link rel=\"canonical\" href=\"https:\/\/flamarksuper.de\/ru\/cart\/\" \/>\n<meta property=\"og:locale\" content=\"ru_RU\" \/>\n<meta property=\"og:type\" content=\"article\" \/>\n<meta property=\"og:title\" content=\"Cart - Flamark Super Distribution Andi Kaltovich (Shop)\" \/>\n<meta property=\"og:description\" content=\"Remove item Thumbnail image Product Price Quantity Subtotal &times; flam ace 750 &#8211; Deutschlands bestes Feuerl\u00f6schspray 29,75&nbsp;&euro; flam ace 750 &#8211; Deutschlands bestes Feuerl\u00f6schspray quantity 29,75&nbsp;&euro; &times; flam 6 &#8211; erh\u00f6ht die L\u00f6schkraft von Wasser um das 20fache!!! 29,75&nbsp;&euro; flam 6 &#8211; erh\u00f6ht die L\u00f6schkraft von Wasser um das 20fache!!! quantity 29,75&nbsp;&euro; &times; mabo &#8211; [&hellip;]\" \/>\n<meta property=\"og:url\" content=\"https:\/\/flamarksuper.de\/ru\/cart\/\" \/>\n<meta property=\"og:site_name\" content=\"Flamark Super Distribution Andi Kaltovich (Shop)\" \/>\n<meta property=\"article:modified_time\" content=\"2024-12-03T09:54:08+00:00\" \/>\n<meta property=\"og:image\" content=\"https:\/\/flamarksuper.de\/wp-content\/uploads\/2024\/12\/3227317243.jpg\" \/>\n<meta name=\"twitter:card\" content=\"summary_large_image\" \/>\n<meta name=\"twitter:label1\" content=\"Est. reading time\" \/>\n\t<meta name=\"twitter:data1\" content=\"2 minutes\" \/>\n<script type=\"application\/ld+json\" class=\"yoast-schema-graph\">{\"@context\":\"https:\/\/schema.org\",\"@graph\":[{\"@type\":\"WebPage\",\"@id\":\"https:\/\/flamarksuper.de\/cart\/\",\"url\":\"https:\/\/flamarksuper.de\/cart\/\",\"name\":\"Cart - Flamark Super Distribution Andi Kaltovich (Shop)\",\"isPartOf\":{\"@id\":\"https:\/\/flamarksuper.de\/ru\/#website\"},\"primaryImageOfPage\":{\"@id\":\"https:\/\/flamarksuper.de\/cart\/#primaryimage\"},\"image\":{\"@id\":\"https:\/\/flamarksuper.de\/cart\/#primaryimage\"},\"thumbnailUrl\":\"https:\/\/flamarksuper.de\/wp-content\/uploads\/2024\/12\/3227317243.jpg\",\"datePublished\":\"2024-12-03T09:39:39+00:00\",\"dateModified\":\"2024-12-03T09:54:08+00:00\",\"breadcrumb\":{\"@id\":\"https:\/\/flamarksuper.de\/cart\/#breadcrumb\"},\"inLanguage\":\"ru-RU\",\"potentialAction\":[{\"@type\":\"ReadAction\",\"target\":[\"https:\/\/flamarksuper.de\/cart\/\"]}]},{\"@type\":\"ImageObject\",\"inLanguage\":\"ru-RU\",\"@id\":\"https:\/\/flamarksuper.de\/cart\/#primaryimage\",\"url\":\"https:\/\/flamarksuper.de\/wp-content\/uploads\/2024\/12\/3227317243.jpg\",\"contentUrl\":\"https:\/\/flamarksuper.de\/wp-content\/uploads\/2024\/12\/3227317243.jpg\"},{\"@type\":\"BreadcrumbList\",\"@id\":\"https:\/\/flamarksuper.de\/cart\/#breadcrumb\",\"itemListElement\":[{\"@type\":\"ListItem\",\"position\":1,\"name\":\"Startseite\",\"item\":\"https:\/\/flamarksuper.de\/\"},{\"@type\":\"ListItem\",\"position\":2,\"name\":\"Cart\"}]},{\"@type\":\"WebSite\",\"@id\":\"https:\/\/flamarksuper.de\/ru\/#website\",\"url\":\"https:\/\/flamarksuper.de\/ru\/\",\"name\":\"Flamark Super Distribution Andi Kaltovich (Shop)\",\"description\":\"\",\"publisher\":{\"@id\":\"https:\/\/flamarksuper.de\/ru\/#organization\"},\"potentialAction\":[{\"@type\":\"SearchAction\",\"target\":{\"@type\":\"EntryPoint\",\"urlTemplate\":\"https:\/\/flamarksuper.de\/ru\/?s={search_term_string}\"},\"query-input\":{\"@type\":\"PropertyValueSpecification\",\"valueRequired\":true,\"valueName\":\"search_term_string\"}}],\"inLanguage\":\"ru-RU\"},{\"@type\":\"Organization\",\"@id\":\"https:\/\/flamarksuper.de\/ru\/#organization\",\"name\":\"Flamark Super Distribution Andi Kaltovich (Shop)\",\"url\":\"https:\/\/flamarksuper.de\/ru\/\",\"logo\":{\"@type\":\"ImageObject\",\"inLanguage\":\"ru-RU\",\"@id\":\"https:\/\/flamarksuper.de\/ru\/#\/schema\/logo\/image\/\",\"url\":\"https:\/\/flamarksuper.de\/wp-content\/uploads\/2022\/03\/Flamark-Super-Logo.png\",\"contentUrl\":\"https:\/\/flamarksuper.de\/wp-content\/uploads\/2022\/03\/Flamark-Super-Logo.png\",\"width\":500,\"height\":49,\"caption\":\"Flamark Super Distribution Andi Kaltovich (Shop)\"},\"image\":{\"@id\":\"https:\/\/flamarksuper.de\/ru\/#\/schema\/logo\/image\/\"}}]}<\/script>\n<!-- \/ Yoast SEO plugin. -->","yoast_head_json":{"title":"Cart - Flamark Super Distribution Andi Kaltovich (Shop)","robots":{"index":"index","follow":"follow","max-snippet":"max-snippet:-1","max-image-preview":"max-image-preview:large","max-video-preview":"max-video-preview:-1"},"canonical":"https:\/\/flamarksuper.de\/ru\/cart\/","og_locale":"ru_RU","og_type":"article","og_title":"Cart - Flamark Super Distribution Andi Kaltovich (Shop)","og_description":"Remove item Thumbnail image Product Price Quantity Subtotal &times; flam ace 750 &#8211; Deutschlands bestes Feuerl\u00f6schspray 29,75&nbsp;&euro; flam ace 750 &#8211; Deutschlands bestes Feuerl\u00f6schspray quantity 29,75&nbsp;&euro; &times; flam 6 &#8211; erh\u00f6ht die L\u00f6schkraft von Wasser um das 20fache!!! 29,75&nbsp;&euro; flam 6 &#8211; erh\u00f6ht die L\u00f6schkraft von Wasser um das 20fache!!! quantity 29,75&nbsp;&euro; &times; mabo &#8211; [&hellip;]","og_url":"https:\/\/flamarksuper.de\/ru\/cart\/","og_site_name":"Flamark Super Distribution Andi Kaltovich (Shop)","article_modified_time":"2024-12-03T09:54:08+00:00","og_image":[{"url":"https:\/\/flamarksuper.de\/wp-content\/uploads\/2024\/12\/3227317243.jpg","type":"","width":"","height":""}],"twitter_card":"summary_large_image","twitter_misc":{"Est. reading time":"2 minutes"},"schema":{"@context":"https:\/\/schema.org","@graph":[{"@type":"WebPage","@id":"https:\/\/flamarksuper.de\/cart\/","url":"https:\/\/flamarksuper.de\/cart\/","name":"Cart - Flamark Super Distribution Andi Kaltovich (Shop)","isPartOf":{"@id":"https:\/\/flamarksuper.de\/ru\/#website"},"primaryImageOfPage":{"@id":"https:\/\/flamarksuper.de\/cart\/#primaryimage"},"image":{"@id":"https:\/\/flamarksuper.de\/cart\/#primaryimage"},"thumbnailUrl":"https:\/\/flamarksuper.de\/wp-content\/uploads\/2024\/12\/3227317243.jpg","datePublished":"2024-12-03T09:39:39+00:00","dateModified":"2024-12-03T09:54:08+00:00","breadcrumb":{"@id":"https:\/\/flamarksuper.de\/cart\/#breadcrumb"},"inLanguage":"ru-RU","potentialAction":[{"@type":"ReadAction","target":["https:\/\/flamarksuper.de\/cart\/"]}]},{"@type":"ImageObject","inLanguage":"ru-RU","@id":"https:\/\/flamarksuper.de\/cart\/#primaryimage","url":"https:\/\/flamarksuper.de\/wp-content\/uploads\/2024\/12\/3227317243.jpg","contentUrl":"https:\/\/flamarksuper.de\/wp-content\/uploads\/2024\/12\/3227317243.jpg"},{"@type":"BreadcrumbList","@id":"https:\/\/flamarksuper.de\/cart\/#breadcrumb","itemListElement":[{"@type":"ListItem","position":1,"name":"Startseite","item":"https:\/\/flamarksuper.de\/"},{"@type":"ListItem","position":2,"name":"Cart"}]},{"@type":"WebSite","@id":"https:\/\/flamarksuper.de\/ru\/#website","url":"https:\/\/flamarksuper.de\/ru\/","name":"Flamark Super Distribution Andi Kaltovich (Shop)","description":"","publisher":{"@id":"https:\/\/flamarksuper.de\/ru\/#organization"},"potentialAction":[{"@type":"SearchAction","target":{"@type":"EntryPoint","urlTemplate":"https:\/\/flamarksuper.de\/ru\/?s={search_term_string}"},"query-input":{"@type":"PropertyValueSpecification","valueRequired":true,"valueName":"search_term_string"}}],"inLanguage":"ru-RU"},{"@type":"Organization","@id":"https:\/\/flamarksuper.de\/ru\/#organization","name":"Flamark Super Distribution Andi Kaltovich (Shop)","url":"https:\/\/flamarksuper.de\/ru\/","logo":{"@type":"ImageObject","inLanguage":"ru-RU","@id":"https:\/\/flamarksuper.de\/ru\/#\/schema\/logo\/image\/","url":"https:\/\/flamarksuper.de\/wp-content\/uploads\/2022\/03\/Flamark-Super-Logo.png","contentUrl":"https:\/\/flamarksuper.de\/wp-content\/uploads\/2022\/03\/Flamark-Super-Logo.png","width":500,"height":49,"caption":"Flamark Super Distribution Andi Kaltovich (Shop)"},"image":{"@id":"https:\/\/flamarksuper.de\/ru\/#\/schema\/logo\/image\/"}}]}},"_links":{"self":[{"href":"https:\/\/flamarksuper.de\/ru\/wp-json\/wp\/v2\/pages\/2660","targetHints":{"allow":["GET"]}}],"collection":[{"href":"https:\/\/flamarksuper.de\/ru\/wp-json\/wp\/v2\/pages"}],"about":[{"href":"https:\/\/flamarksuper.de\/ru\/wp-json\/wp\/v2\/types\/page"}],"author":[{"embeddable":true,"href":"https:\/\/flamarksuper.de\/ru\/wp-json\/wp\/v2\/users\/3"}],"replies":[{"embeddable":true,"href":"https:\/\/flamarksuper.de\/ru\/wp-json\/wp\/v2\/comments?post=2660"}],"version-history":[{"count":0,"href":"https:\/\/flamarksuper.de\/ru\/wp-json\/wp\/v2\/pages\/2660\/revisions"}],"wp:attachment":[{"href":"https:\/\/flamarksuper.de\/ru\/wp-json\/wp\/v2\/media?parent=2660"}],"curies":[{"name":"wp","href":"https:\/\/api.w.org\/{rel}","templated":true}]}}