{"id":2652,"date":"2024-12-03T10:22:45","date_gmt":"2024-12-03T09:22:45","guid":{"rendered":"https:\/\/flamarksuper.de\/product\/flam-blocker-feuerhemmende-impraegnierfluessigkeit\/"},"modified":"2024-12-03T10:23:37","modified_gmt":"2024-12-03T09:23:37","slug":"flam-blocker-feuerhemmende-impraegnierfluessigkeit","status":"publish","type":"product","link":"https:\/\/flamarksuper.de\/ru\/product\/flam-blocker-feuerhemmende-impraegnierfluessigkeit\/","title":{"rendered":"Flam Blocker - \u043e\u0433\u043d\u0435\u0437\u0430\u0449\u0438\u0442\u043d\u044b\u0439 \u043c\u0430\u0442\u0435\u0440\u0438\u0430\u043b"},"content":{"rendered":"","protected":false},"excerpt":{"rendered":"<p>Flam Blocker macht un-entz\u00fcndbar!<\/p>\n<p>Flam Blocker - \u044d\u0442\u043e \u0430\u043d\u0442\u0438\u043f\u0438\u0440\u0435\u043d \u043d\u0430 \u0432\u043e\u0434\u043d\u043e\u0439 \u043e\u0441\u043d\u043e\u0432\u0435 \u0434\u043b\u044f \u043f\u043e\u0436\u0430\u0440\u0430 \u043a\u043b\u0430\u0441\u0441\u0430 \u0410, \u0441\u043f\u0435\u0446\u0438\u0430\u043b\u044c\u043d\u043e \u0438\u0437\u0433\u043e\u0442\u043e\u0432\u043b\u0435\u043d\u043d\u044b\u0439 \u0434\u043b\u044f \u044d\u0444\u0444\u0435\u043a\u0442\u0438\u0432\u043d\u043e\u0439 \u0437\u0430\u0449\u0438\u0442\u044b \u043d\u0430\u0438\u0431\u043e\u043b\u0435\u0435 \u0430\u0431\u0441\u043e\u0440\u0431\u0438\u0440\u0443\u044e\u0449\u0438\u0445 \u043c\u0430\u0442\u0435\u0440\u0438\u0430\u043b\u043e\u0432 (\u043c\u0430\u0442\u0435\u0440\u0438\u0430\u043b\u043e\u0432 \u043a\u043b\u0430\u0441\u0441\u0430 \u0410) \u043e\u0442 \u0440\u0430\u0441\u043f\u0440\u043e\u0441\u0442\u0440\u0430\u043d\u0435\u043d\u0438\u044f \u043f\u043b\u0430\u043c\u0435\u043d\u0438 \u0438 \u0434\u044b\u043c\u0430.<\/p>\n<p>\u041f\u0440\u0438\u043c\u0435\u043d\u0438\u043c\u043e, \u043d\u0430\u043f\u0440\u0438\u043c\u0435\u0440, \u0434\u043b\u044f \u0443\u043d\u0438\u0444\u043e\u0440\u043c\u044b, \u043c\u0430\u0442\u0440\u0430\u0441\u043e\u0432, \u044f\u0449\u0438\u043a\u043e\u0432, \u0430\u0432\u0442\u043e\u043c\u043e\u0431\u0438\u043b\u044c\u043d\u044b\u0445 \u0441\u0438\u0434\u0435\u043d\u0438\u0439 \u0438 \u0442. \u0414.<\/p>\n<p>Flam Blocker \u043e\u0431\u0440\u0430\u0437\u0443\u0435\u0442 \u0442\u0435\u043c\u043f\u0435\u0440\u0430\u0442\u0443\u0440\u043d\u044b\u0439 \u0431\u0430\u0440\u044c\u0435\u0440 \u043d\u0430 \u043f\u043e\u0432\u0435\u0440\u0445\u043d\u043e\u0441\u0442\u0438, \u043e\u0441\u0442\u0430\u043d\u0430\u0432\u043b\u0438\u0432\u0430\u0435\u0442 \u043f\u043e\u0433\u043b\u043e\u0449\u0435\u043d\u0438\u0435 \u043b\u0435\u0433\u043a\u043e\u0432\u043e\u0441\u043f\u043b\u0430\u043c\u0435\u043d\u044f\u044e\u0449\u0438\u0445\u0441\u044f \u0436\u0438\u0434\u043a\u043e\u0441\u0442\u0435\u0439 \u0438 \u0441\u043e\u0437\u0434\u0430\u0435\u0442 \u044d\u0444\u0444\u0435\u043a\u0442 \u043f\u0440\u0435\u0434\u0432\u0430\u0440\u0438\u0442\u0435\u043b\u044c\u043d\u043e\u0433\u043e \u043e\u0445\u043b\u0430\u0436\u0434\u0435\u043d\u0438\u044f \u0438 \u043e\u0445\u043b\u0430\u0436\u0434\u0435\u043d\u0438\u044f, \u043d\u0435 \u043f\u043e\u0432\u0440\u0435\u0436\u0434\u0430\u044f \u043e\u0431\u043e\u0440\u0443\u0434\u043e\u0432\u0430\u043d\u0438\u0435.<\/p>\n<p>\u041d\u0435\u0442\u043e\u043a\u0441\u0438\u0447\u043d\u044b\u0439, \u043d\u0435 \u043a\u043e\u0440\u0440\u043e\u0437\u0438\u043e\u043d\u043d\u044b\u0439, 100% \u0431\u0438\u043e\u0440\u0430\u0437\u043b\u0430\u0433\u0430\u0435\u043c\u044b\u0439, \u0431\u0435\u0437 PBT, \u0431\u0435\u0437 \u0444\u0442\u043e\u0440\u0430. \u041f\u043e \u0441\u0438\u0441\u0442\u0435\u043c\u0435 \u0438\u0434\u0435\u043d\u0442\u0438\u0444\u0438\u043a\u0430\u0446\u0438\u0438 \u043e\u043f\u0430\u0441\u043d\u044b\u0445 \u043c\u0430\u0442\u0435\u0440\u0438\u0430\u043b\u043e\u0432 (HMIS) \u0440\u0430\u0432\u043d\u043e \u0432\u043e\u0434\u0435.<\/p>\n<p>\u0414\u0438\u0430\u043f\u0430\u0437\u043e\u043d \u0442\u0435\u043c\u043f\u0435\u0440\u0430\u0442\u0443\u0440: -5 \u00baC \u2013 +50 \u00baC<br \/>\n\u0421\u0440\u043e\u043a \u0433\u043e\u0434\u043d\u043e\u0441\u0442\u0438: \u043d\u0435\u043e\u0433\u0440\u0430\u043d\u0438\u0447\u0435\u043d\u043d\u044b\u0439<br \/>\npH: 8,3<br \/>\n\u041a\u043e\u0434 \u0422\u041d \u0412\u042d\u0414: 38130000<br \/>\nEAN-\u043a\u043e\u0434: 3857500038609<br \/>\n\u041d\u0435\u0442 \u043e\u0433\u0440\u0430\u043d\u0438\u0447\u0435\u043d\u0438\u0439 \u0432 \u043e\u0442\u043d\u043e\u0448\u0435\u043d\u0438\u0438 \u043f\u0435\u0440\u0435\u0432\u043e\u0437\u043e\u043a<br \/>\n\u0423\u043f\u0430\u043a\u043e\u0432\u043a\u0430: 500\u043c\u043b \u0441\u043f\u0440\u0435\u0439 \u0432 \u0436\u0435\u0441\u0442\u044f\u043d\u043e\u0439 \u0431\u0430\u043d\u043a\u0435, 1\u043b \/ 5\u043b \/ 20\u043b \u041f\u042d \u043a\u0430\u043d\u0438\u0441\u0442\u0440\u0430 \u0438\u043b\u0438 \u043f\u043e \u0437\u0430\u043f\u0440\u043e\u0441\u0443<\/p>\n<p>\u0426\u0435\u043d\u0430 \u0432 \u0443\u043f\u0430\u043a\u043e\u0432\u043a\u0435 \u0437\u0430 100 \u043c\u043b:<\/p>\n<ul>\n<li>0,5 \u043b\u0438\u0442\u0440\u0430: 3,86 \u20ac<\/li>\n<li>1 \u043b\u0438\u0442\u0440: 3,45 \u20ac<\/li>\n<li>5 \u043b\u0438\u0442\u0440\u043e\u0432: 3,22 \u20ac<\/li>\n<li>20 \u043b\u0438\u0442\u0440\u043e\u0432: 2,82 \u20ac<\/li>\n<\/ul>","protected":false},"featured_media":2651,"comment_status":"open","ping_status":"closed","template":"","meta":[],"product_cat":[17],"product_tag":[],"class_list":{"0":"post-2652","1":"product","2":"type-product","3":"status-publish","4":"has-post-thumbnail","6":"product_cat-uncategorised","8":"first","9":"instock","10":"taxable","11":"shipping-taxable","12":"purchasable","13":"product-type-simple"},"yoast_head":"<!-- This site is optimized with the Yoast SEO plugin v24.0 - https:\/\/yoast.com\/wordpress\/plugins\/seo\/ -->\n<title>Flam Blocker \u2013 Feuerhemmende Impr\u00e4gnierfl\u00fcssigkeit - Flamark Super Distribution Andi Kaltovich (Shop)<\/title>\n<meta name=\"robots\" content=\"index, follow, max-snippet:-1, max-image-preview:large, max-video-preview:-1\" \/>\n<link rel=\"canonical\" href=\"https:\/\/flamarksuper.de\/ru\/product\/flam-blocker-feuerhemmende-impraegnierfluessigkeit\/\" \/>\n<meta property=\"og:locale\" content=\"ru_RU\" \/>\n<meta property=\"og:type\" content=\"article\" \/>\n<meta property=\"og:title\" content=\"Flam Blocker \u2013 Feuerhemmende Impr\u00e4gnierfl\u00fcssigkeit - Flamark Super Distribution Andi Kaltovich (Shop)\" \/>\n<meta property=\"og:description\" content=\"Flam Blocker macht un-entz\u00fcndbar!  Flam Blocker ist ein auf Wasserbasis hergestellter Feuerhemmstoff f\u00fcr die Brandklasse A, speziell hergestellt, um die meisten absorbierenden Materialien (Materialien der Klasse A) wirksam vor der Ausbreitung von Flammen und Rauch zu sch\u00fctzen.  Anwendbar z.B. bei Uniformen, Matratzen, Kartons, Autositzen ect.  Es bildet eine Oberfl\u00e4chentemperaturbarriere , stoppt die Aufnahme von brennbaren Fl\u00fcssigkeiten, schafft eine vork\u00fchlende und k\u00fchlende Wirkung und besch\u00e4digt die Ausr\u00fcstung nicht.  ungiftig, nicht korrosiv, 100% biologisch abbaubar, kein PBT, fluorfrei. HMIS wie Wasser.  Anwendungsbereich: -5 \u00baC \u2013 +50 \u00baC Haltbarkeit: unbegrenzt pH-Wert: 8,3 HS-Code: 38130000 EAN-Code: 3857500038609 keine Transportrestriktionen Verpackung: 500ml Spr\u00fchdose, 1l \/ 5l \/ 20l PE-Kanister oder auf Anfrage  Flaschenpreise pro 100ml   0,5 Liter: 3,86 \u20ac  1Liter: 3,45 \u20ac  5 Liter: 3,22 \u20ac  20 Liter: 2,82 \u20ac\" \/>\n<meta property=\"og:url\" content=\"https:\/\/flamarksuper.de\/ru\/product\/flam-blocker-feuerhemmende-impraegnierfluessigkeit\/\" \/>\n<meta property=\"og:site_name\" content=\"Flamark Super Distribution Andi Kaltovich (Shop)\" \/>\n<meta property=\"article:modified_time\" content=\"2024-12-03T09:23:37+00:00\" \/>\n<meta property=\"og:image\" content=\"https:\/\/flamarksuper.de\/wp-content\/uploads\/2024\/12\/3227328693.jpg\" \/>\n\t<meta property=\"og:image:width\" content=\"371\" \/>\n\t<meta property=\"og:image:height\" content=\"264\" \/>\n\t<meta property=\"og:image:type\" content=\"image\/jpeg\" \/>\n<meta name=\"twitter:card\" content=\"summary_large_image\" \/>\n<script type=\"application\/ld+json\" class=\"yoast-schema-graph\">{\"@context\":\"https:\/\/schema.org\",\"@graph\":[{\"@type\":\"WebPage\",\"@id\":\"https:\/\/flamarksuper.de\/product\/flam-blocker-feuerhemmende-impraegnierfluessigkeit\/\",\"url\":\"https:\/\/flamarksuper.de\/product\/flam-blocker-feuerhemmende-impraegnierfluessigkeit\/\",\"name\":\"Flam Blocker \u2013 Feuerhemmende Impr\u00e4gnierfl\u00fcssigkeit - Flamark Super Distribution Andi Kaltovich (Shop)\",\"isPartOf\":{\"@id\":\"https:\/\/flamarksuper.de\/ru\/#website\"},\"primaryImageOfPage\":{\"@id\":\"https:\/\/flamarksuper.de\/product\/flam-blocker-feuerhemmende-impraegnierfluessigkeit\/#primaryimage\"},\"image\":{\"@id\":\"https:\/\/flamarksuper.de\/product\/flam-blocker-feuerhemmende-impraegnierfluessigkeit\/#primaryimage\"},\"thumbnailUrl\":\"https:\/\/flamarksuper.de\/wp-content\/uploads\/2024\/12\/3227328693.jpg\",\"datePublished\":\"2024-12-03T09:22:45+00:00\",\"dateModified\":\"2024-12-03T09:23:37+00:00\",\"breadcrumb\":{\"@id\":\"https:\/\/flamarksuper.de\/product\/flam-blocker-feuerhemmende-impraegnierfluessigkeit\/#breadcrumb\"},\"inLanguage\":\"ru-RU\",\"potentialAction\":[{\"@type\":\"ReadAction\",\"target\":[\"https:\/\/flamarksuper.de\/product\/flam-blocker-feuerhemmende-impraegnierfluessigkeit\/\"]}]},{\"@type\":\"ImageObject\",\"inLanguage\":\"ru-RU\",\"@id\":\"https:\/\/flamarksuper.de\/product\/flam-blocker-feuerhemmende-impraegnierfluessigkeit\/#primaryimage\",\"url\":\"https:\/\/flamarksuper.de\/wp-content\/uploads\/2024\/12\/3227328693.jpg\",\"contentUrl\":\"https:\/\/flamarksuper.de\/wp-content\/uploads\/2024\/12\/3227328693.jpg\",\"width\":371,\"height\":264},{\"@type\":\"BreadcrumbList\",\"@id\":\"https:\/\/flamarksuper.de\/product\/flam-blocker-feuerhemmende-impraegnierfluessigkeit\/#breadcrumb\",\"itemListElement\":[{\"@type\":\"ListItem\",\"position\":1,\"name\":\"Startseite\",\"item\":\"https:\/\/flamarksuper.de\/\"},{\"@type\":\"ListItem\",\"position\":2,\"name\":\"Store\",\"item\":\"https:\/\/flamarksuper.de\/store\/\"},{\"@type\":\"ListItem\",\"position\":3,\"name\":\"Flam Blocker \u2013 Feuerhemmende Impr\u00e4gnierfl\u00fcssigkeit\"}]},{\"@type\":\"WebSite\",\"@id\":\"https:\/\/flamarksuper.de\/ru\/#website\",\"url\":\"https:\/\/flamarksuper.de\/ru\/\",\"name\":\"Flamark Super Distribution Andi Kaltovich (Shop)\",\"description\":\"\",\"publisher\":{\"@id\":\"https:\/\/flamarksuper.de\/ru\/#organization\"},\"potentialAction\":[{\"@type\":\"SearchAction\",\"target\":{\"@type\":\"EntryPoint\",\"urlTemplate\":\"https:\/\/flamarksuper.de\/ru\/?s={search_term_string}\"},\"query-input\":{\"@type\":\"PropertyValueSpecification\",\"valueRequired\":true,\"valueName\":\"search_term_string\"}}],\"inLanguage\":\"ru-RU\"},{\"@type\":\"Organization\",\"@id\":\"https:\/\/flamarksuper.de\/ru\/#organization\",\"name\":\"Flamark Super Distribution Andi Kaltovich (Shop)\",\"url\":\"https:\/\/flamarksuper.de\/ru\/\",\"logo\":{\"@type\":\"ImageObject\",\"inLanguage\":\"ru-RU\",\"@id\":\"https:\/\/flamarksuper.de\/ru\/#\/schema\/logo\/image\/\",\"url\":\"https:\/\/flamarksuper.de\/wp-content\/uploads\/2022\/03\/Flamark-Super-Logo.png\",\"contentUrl\":\"https:\/\/flamarksuper.de\/wp-content\/uploads\/2022\/03\/Flamark-Super-Logo.png\",\"width\":500,\"height\":49,\"caption\":\"Flamark Super Distribution Andi Kaltovich (Shop)\"},\"image\":{\"@id\":\"https:\/\/flamarksuper.de\/ru\/#\/schema\/logo\/image\/\"}}]}<\/script>\n<!-- \/ Yoast SEO plugin. -->","yoast_head_json":{"title":"Flam Blocker \u2013 Feuerhemmende Impr\u00e4gnierfl\u00fcssigkeit - Flamark Super Distribution Andi Kaltovich (Shop)","robots":{"index":"index","follow":"follow","max-snippet":"max-snippet:-1","max-image-preview":"max-image-preview:large","max-video-preview":"max-video-preview:-1"},"canonical":"https:\/\/flamarksuper.de\/ru\/product\/flam-blocker-feuerhemmende-impraegnierfluessigkeit\/","og_locale":"ru_RU","og_type":"article","og_title":"Flam Blocker \u2013 Feuerhemmende Impr\u00e4gnierfl\u00fcssigkeit - Flamark Super Distribution Andi Kaltovich (Shop)","og_description":"Flam Blocker macht un-entz\u00fcndbar!  Flam Blocker ist ein auf Wasserbasis hergestellter Feuerhemmstoff f\u00fcr die Brandklasse A, speziell hergestellt, um die meisten absorbierenden Materialien (Materialien der Klasse A) wirksam vor der Ausbreitung von Flammen und Rauch zu sch\u00fctzen.  Anwendbar z.B. bei Uniformen, Matratzen, Kartons, Autositzen ect.  Es bildet eine Oberfl\u00e4chentemperaturbarriere , stoppt die Aufnahme von brennbaren Fl\u00fcssigkeiten, schafft eine vork\u00fchlende und k\u00fchlende Wirkung und besch\u00e4digt die Ausr\u00fcstung nicht.  ungiftig, nicht korrosiv, 100% biologisch abbaubar, kein PBT, fluorfrei. HMIS wie Wasser.  Anwendungsbereich: -5 \u00baC \u2013 +50 \u00baC Haltbarkeit: unbegrenzt pH-Wert: 8,3 HS-Code: 38130000 EAN-Code: 3857500038609 keine Transportrestriktionen Verpackung: 500ml Spr\u00fchdose, 1l \/ 5l \/ 20l PE-Kanister oder auf Anfrage  Flaschenpreise pro 100ml   0,5 Liter: 3,86 \u20ac  1Liter: 3,45 \u20ac  5 Liter: 3,22 \u20ac  20 Liter: 2,82 \u20ac","og_url":"https:\/\/flamarksuper.de\/ru\/product\/flam-blocker-feuerhemmende-impraegnierfluessigkeit\/","og_site_name":"Flamark Super Distribution Andi Kaltovich (Shop)","article_modified_time":"2024-12-03T09:23:37+00:00","og_image":[{"width":371,"height":264,"url":"https:\/\/flamarksuper.de\/wp-content\/uploads\/2024\/12\/3227328693.jpg","type":"image\/jpeg"}],"twitter_card":"summary_large_image","schema":{"@context":"https:\/\/schema.org","@graph":[{"@type":"WebPage","@id":"https:\/\/flamarksuper.de\/product\/flam-blocker-feuerhemmende-impraegnierfluessigkeit\/","url":"https:\/\/flamarksuper.de\/product\/flam-blocker-feuerhemmende-impraegnierfluessigkeit\/","name":"Flam Blocker \u2013 Feuerhemmende Impr\u00e4gnierfl\u00fcssigkeit - Flamark Super Distribution Andi Kaltovich (Shop)","isPartOf":{"@id":"https:\/\/flamarksuper.de\/ru\/#website"},"primaryImageOfPage":{"@id":"https:\/\/flamarksuper.de\/product\/flam-blocker-feuerhemmende-impraegnierfluessigkeit\/#primaryimage"},"image":{"@id":"https:\/\/flamarksuper.de\/product\/flam-blocker-feuerhemmende-impraegnierfluessigkeit\/#primaryimage"},"thumbnailUrl":"https:\/\/flamarksuper.de\/wp-content\/uploads\/2024\/12\/3227328693.jpg","datePublished":"2024-12-03T09:22:45+00:00","dateModified":"2024-12-03T09:23:37+00:00","breadcrumb":{"@id":"https:\/\/flamarksuper.de\/product\/flam-blocker-feuerhemmende-impraegnierfluessigkeit\/#breadcrumb"},"inLanguage":"ru-RU","potentialAction":[{"@type":"ReadAction","target":["https:\/\/flamarksuper.de\/product\/flam-blocker-feuerhemmende-impraegnierfluessigkeit\/"]}]},{"@type":"ImageObject","inLanguage":"ru-RU","@id":"https:\/\/flamarksuper.de\/product\/flam-blocker-feuerhemmende-impraegnierfluessigkeit\/#primaryimage","url":"https:\/\/flamarksuper.de\/wp-content\/uploads\/2024\/12\/3227328693.jpg","contentUrl":"https:\/\/flamarksuper.de\/wp-content\/uploads\/2024\/12\/3227328693.jpg","width":371,"height":264},{"@type":"BreadcrumbList","@id":"https:\/\/flamarksuper.de\/product\/flam-blocker-feuerhemmende-impraegnierfluessigkeit\/#breadcrumb","itemListElement":[{"@type":"ListItem","position":1,"name":"Startseite","item":"https:\/\/flamarksuper.de\/"},{"@type":"ListItem","position":2,"name":"Store","item":"https:\/\/flamarksuper.de\/store\/"},{"@type":"ListItem","position":3,"name":"Flam Blocker \u2013 Feuerhemmende Impr\u00e4gnierfl\u00fcssigkeit"}]},{"@type":"WebSite","@id":"https:\/\/flamarksuper.de\/ru\/#website","url":"https:\/\/flamarksuper.de\/ru\/","name":"Flamark Super Distribution Andi Kaltovich (Shop)","description":"","publisher":{"@id":"https:\/\/flamarksuper.de\/ru\/#organization"},"potentialAction":[{"@type":"SearchAction","target":{"@type":"EntryPoint","urlTemplate":"https:\/\/flamarksuper.de\/ru\/?s={search_term_string}"},"query-input":{"@type":"PropertyValueSpecification","valueRequired":true,"valueName":"search_term_string"}}],"inLanguage":"ru-RU"},{"@type":"Organization","@id":"https:\/\/flamarksuper.de\/ru\/#organization","name":"Flamark Super Distribution Andi Kaltovich (Shop)","url":"https:\/\/flamarksuper.de\/ru\/","logo":{"@type":"ImageObject","inLanguage":"ru-RU","@id":"https:\/\/flamarksuper.de\/ru\/#\/schema\/logo\/image\/","url":"https:\/\/flamarksuper.de\/wp-content\/uploads\/2022\/03\/Flamark-Super-Logo.png","contentUrl":"https:\/\/flamarksuper.de\/wp-content\/uploads\/2022\/03\/Flamark-Super-Logo.png","width":500,"height":49,"caption":"Flamark Super Distribution Andi Kaltovich (Shop)"},"image":{"@id":"https:\/\/flamarksuper.de\/ru\/#\/schema\/logo\/image\/"}}]}},"_links":{"self":[{"href":"https:\/\/flamarksuper.de\/ru\/wp-json\/wp\/v2\/product\/2652","targetHints":{"allow":["GET"]}}],"collection":[{"href":"https:\/\/flamarksuper.de\/ru\/wp-json\/wp\/v2\/product"}],"about":[{"href":"https:\/\/flamarksuper.de\/ru\/wp-json\/wp\/v2\/types\/product"}],"replies":[{"embeddable":true,"href":"https:\/\/flamarksuper.de\/ru\/wp-json\/wp\/v2\/comments?post=2652"}],"wp:featuredmedia":[{"embeddable":true,"href":"https:\/\/flamarksuper.de\/ru\/wp-json\/wp\/v2\/media\/2651"}],"wp:attachment":[{"href":"https:\/\/flamarksuper.de\/ru\/wp-json\/wp\/v2\/media?parent=2652"}],"wp:term":[{"taxonomy":"product_cat","embeddable":true,"href":"https:\/\/flamarksuper.de\/ru\/wp-json\/wp\/v2\/product_cat?post=2652"},{"taxonomy":"product_tag","embeddable":true,"href":"https:\/\/flamarksuper.de\/ru\/wp-json\/wp\/v2\/product_tag?post=2652"}],"curies":[{"name":"wp","href":"https:\/\/api.w.org\/{rel}","templated":true}]}}